{"id":55071,"date":"2021-01-22T09:34:18","date_gmt":"2021-01-22T12:34:18","guid":{"rendered":"https:\/\/www.livrariarema.com.br\/loja\/produtos\/sem%20categoria\/havendo-deus-falado-vol-8-stephen-kaung\/"},"modified":"2026-04-13T12:26:07","modified_gmt":"2026-04-13T15:26:07","slug":"havendo-deus-falado-vol-8-stephen-kaung","status":"publish","type":"product","link":"https:\/\/www.livrariarema.com.br\/loja\/produtos\/livros\/estudo-biblico\/havendo-deus-falado-vol-8-stephen-kaung\/","title":{"rendered":"Havendo Deus Falado Vol. 8 &#8211; Stephen Kaung"},"content":{"rendered":"<p>Cristo, o amado Filho de Deus, \u00e9 o tema de tudo o que o Pai tem a dizer no Antigo e no Novo Testamentos. Se n\u00e3o virmos isso, a B\u00edblia ser\u00e1 para n\u00f3s apenas hist\u00f3ria, profecia, doutrina e poesia. Mas se Cristo nos for revelado, ent\u00e3o a Palavra ser\u00e1 descortinada diante de nossos olhos.<\/p>\n<p>Na s\u00e9rie Havendo Deus Falado, Stephen Kaung abre o Antigo Testamento com o objetivo de trazer ao leitor o pensamento central de Deus em cada um de seus 39 livros, de G\u00eanesis a Malaquias.<\/p>\n<p>Neste volume, o oitavo e \u00faltimo da s\u00e9rie, o autor compartilha a mensagem de Deus expressa nos seis \u00faltimos livros dos profetas menores:<\/p>\n<p>&#8211; Naum fala da bondade e severidade de Deus. Severidade para com os que se recusam a arrepender-se, bondade para os que nEle confiam;<\/p>\n<p>&#8211; Habacuque mostra que Deus deseja dar-nos um encargo pela Igreja e pelo mundo, assim como uma vis\u00e3o da vinda do Senhor e uma intercess\u00e3o cont\u00ednua pelo avivar de Sua obra. Isso nos levar\u00e1 a viver pela f\u00e9; &#8211; Sofonias alerta que o dia do ju\u00edzo de Deus \u00e9 irrevog\u00e1vel, mas Ele esconder\u00e1 o Seu tesouro naquele dia;<\/p>\n<p>&#8211; Ageu exorta a deixarmos a constru\u00e7\u00e3o de nossas pr\u00f3prias casas para, juntos, edificarmos a casa de Deus, de modo que Ele encontre descanso entre o Seu povo aqui na terra;<\/p>\n<p>&#8211; Zacarias mostra que ao estarmos ocupados com essa edifica\u00e7\u00e3o, devemos constantemente pedir que Ele sonde nosso cora\u00e7\u00e3o a fim de retornarmos ao primeiro amor para com o Senhor, pois Ele est\u00e1 voltando;<\/p>\n<p>&#8211; Malaquias adverte que o arrependimento \u00e9 o meio pelo qual nos mantemos no primeiro amor.<\/p>\n<p>Possamos ter os olhos abertos para, com a perspectiva do Pai, ouvirmos Aquele por meio de quem Deus tem falado hoje.<\/p>\n<p>&#8220;Havendo Deus, outrora, falado, muitas vezes e de muitas maneiras, aos pais, pelos profetas, nestes \u00faltimos dias, nos falou pelo Filho.&#8221; Hb 1:1,2a<\/p>\n","protected":false},"excerpt":{"rendered":"<p>Cristo, o amado Filho de Deus, \u00e9 o tema de tudo o que o Pai tem a dizer no Antigo&hellip;<\/p>\n","protected":false},"featured_media":346942,"comment_status":"open","ping_status":"closed","template":"","meta":[],"product_cat":[161,134],"product_tag":[],"_links":{"self":[{"href":"https:\/\/www.livrariarema.com.br\/loja\/wp-json\/wp\/v2\/product\/55071"}],"collection":[{"href":"https:\/\/www.livrariarema.com.br\/loja\/wp-json\/wp\/v2\/product"}],"about":[{"href":"https:\/\/www.livrariarema.com.br\/loja\/wp-json\/wp\/v2\/types\/product"}],"replies":[{"embeddable":true,"href":"https:\/\/www.livrariarema.com.br\/loja\/wp-json\/wp\/v2\/comments?post=55071"}],"wp:featuredmedia":[{"embeddable":true,"href":"https:\/\/www.livrariarema.com.br\/loja\/wp-json\/wp\/v2\/media\/346942"}],"wp:attachment":[{"href":"https:\/\/www.livrariarema.com.br\/loja\/wp-json\/wp\/v2\/media?parent=55071"}],"wp:term":[{"taxonomy":"product_cat","embeddable":true,"href":"https:\/\/www.livrariarema.com.br\/loja\/wp-json\/wp\/v2\/product_cat?post=55071"},{"taxonomy":"product_tag","embeddable":true,"href":"https:\/\/www.livrariarema.com.br\/loja\/wp-json\/wp\/v2\/product_tag?post=55071"}],"curies":[{"name":"wp","href":"https:\/\/api.w.org\/{rel}","templated":true}]}}