{"id":55101,"date":"2021-01-22T09:35:20","date_gmt":"2021-01-22T12:35:20","guid":{"rendered":"https:\/\/www.livrariarema.com.br\/loja\/produtos\/sem%20categoria\/caneta-uni-ball-eye-micro-0-5mm-preta\/"},"modified":"2026-04-20T12:50:33","modified_gmt":"2026-04-20T15:50:33","slug":"caneta-uni-ball-eye-micro-0-5mm-preta","status":"publish","type":"product","link":"https:\/\/www.livrariarema.com.br\/loja\/produtos\/papelaria\/canetas\/caneta-uni-ball-eye-micro-0-5mm-preta\/","title":{"rendered":"Caneta &#8211; Uni Eye Micro &#8211; Rollerball &#8211; 0.5Mm &#8211; Preta"},"content":{"rendered":"<p>O exclusivo sistema de fluxo cont\u00ednuo garante que o fluxo de tinta seja uniforme at\u00e9 a \u00faltima gota; <br \/>\nA tinta tem a cor intensa e a ponta de a\u00e7o inoxid\u00e1vel atua suavemente; <br \/>\nA tinta pigmentada resistente \u00e1 luz e a \u00e1gua, ideal para documentos que exigem longa durabilidade; <br \/>\nPossui exclusiva tampa de seguran\u00e7a, com design especial que elimina a possibilidade de crian\u00e7as abrirem a caneta;<br \/>\nMesmo sendo uma tampa ventilada, a tampa cobre firmemente a ponta do corpo da caneta quando a caneta \u00e9 fechada , evitando que a mesma seque.<Br><br \/>\n<br \/>\nPonta 0.5mm; <br \/>\nBarra pl\u00e1stica; <br \/>\nTopo da tampa na cor da tinta; <br \/>\nJanela para visualizar o n\u00edvel de tinta; <br \/>\nClip de metal; <br \/>\nTinta resistente \u00e1 \u00e1gua; <\/p>\n<p>Selo de registro Inmetro: 006 197\/2015<\/p>\n","protected":false},"excerpt":{"rendered":"<p>O exclusivo sistema de fluxo cont\u00ednuo garante que o fluxo de tinta seja uniforme at\u00e9 a \u00faltima gota; A tinta&hellip;<\/p>\n","protected":false},"featured_media":336172,"comment_status":"open","ping_status":"closed","template":"","meta":[],"product_cat":[216,215],"product_tag":[],"_links":{"self":[{"href":"https:\/\/www.livrariarema.com.br\/loja\/wp-json\/wp\/v2\/product\/55101"}],"collection":[{"href":"https:\/\/www.livrariarema.com.br\/loja\/wp-json\/wp\/v2\/product"}],"about":[{"href":"https:\/\/www.livrariarema.com.br\/loja\/wp-json\/wp\/v2\/types\/product"}],"replies":[{"embeddable":true,"href":"https:\/\/www.livrariarema.com.br\/loja\/wp-json\/wp\/v2\/comments?post=55101"}],"wp:featuredmedia":[{"embeddable":true,"href":"https:\/\/www.livrariarema.com.br\/loja\/wp-json\/wp\/v2\/media\/336172"}],"wp:attachment":[{"href":"https:\/\/www.livrariarema.com.br\/loja\/wp-json\/wp\/v2\/media?parent=55101"}],"wp:term":[{"taxonomy":"product_cat","embeddable":true,"href":"https:\/\/www.livrariarema.com.br\/loja\/wp-json\/wp\/v2\/product_cat?post=55101"},{"taxonomy":"product_tag","embeddable":true,"href":"https:\/\/www.livrariarema.com.br\/loja\/wp-json\/wp\/v2\/product_tag?post=55101"}],"curies":[{"name":"wp","href":"https:\/\/api.w.org\/{rel}","templated":true}]}}