{"id":55214,"date":"2021-01-22T09:38:20","date_gmt":"2021-01-22T12:38:20","guid":{"rendered":"https:\/\/www.livrariarema.com.br\/loja\/produtos\/sem%20categoria\/na085e-biblia-de-estudo-naa-preta\/"},"modified":"2026-04-13T10:10:33","modified_gmt":"2026-04-13T13:10:33","slug":"na085e-biblia-de-estudo-naa-preta","status":"publish","type":"product","link":"https:\/\/www.livrariarema.com.br\/loja\/produtos\/biblias\/estudo\/na085e-biblia-de-estudo-naa-preta\/","title":{"rendered":"Na085e &#8211; B\u00edblia De Estudo Naa &#8211; Preta"},"content":{"rendered":"<p>Elaborada por uma equipe de quase 100 especialistas, incluindo acad\u00eamicos, professores e pastores, a B\u00edblia de Estudo NAA \u00e9 uma das mais completas B\u00edblias de Estudo j\u00e1 publicadas no Brasil. Ela complementa a leitura do texto b\u00edblico na Nova Almeida Atualizada, uma tradu\u00e7\u00e3o lan\u00e7ada em 2017 pela SBB, com o que h\u00e1 de melhor e mais recente no campo dos estudos teol\u00f3gicos e cient\u00edficos sobre as Escrituras e seu contexto original. Resultado de uma profunda revis\u00e3o da consagrada tradu\u00e7\u00e3o Almeida Revista e Atualizada, a Nova Almeida Atualizada apresenta um texto cl\u00e1ssico com uma linguagem atual, seguindo a norma padr\u00e3o do portugu\u00eas escrito e falado no Brasil. A associa\u00e7\u00e3o desta tradu\u00e7\u00e3o com estudos t\u00e3o amplos e aprofundados sobre as Escrituras Sagradas faz da B\u00edblia de Estudo NAA uma obra imprescind\u00edvel para leigos e especialistas e tamb\u00e9m para todos aqueles que querem conhecer a Palavra de Deus e seus matizes hist\u00f3ricos e sociais da maneira mais detalhada poss\u00edvel, sem abrir m\u00e3o de precis\u00e3o cient\u00edfica e rigor t\u00e9cnico. Com mais de 44 mil notas de rodap\u00e9, a B\u00edblia de Estudo NAA tamb\u00e9m se destaca, al\u00e9m de outros recursos e aux\u00edlios, por seus mapas e por suas introdu\u00e7\u00f5es tantos aos livros quanto aos blocos de livros b\u00edblicos, que s\u00e3o precedidos por informa\u00e7\u00f5es relevantes para o seu entendimento.Acompanha linda caixa.<\/p>\n","protected":false},"excerpt":{"rendered":"<p>Elaborada por uma equipe de quase 100 especialistas, incluindo acad\u00eamicos, professores e pastores, a B\u00edblia de Estudo NAA \u00e9 uma&hellip;<\/p>\n","protected":false},"featured_media":343854,"comment_status":"open","ping_status":"closed","template":"","meta":[],"product_cat":[139,140],"product_tag":[],"_links":{"self":[{"href":"https:\/\/www.livrariarema.com.br\/loja\/wp-json\/wp\/v2\/product\/55214"}],"collection":[{"href":"https:\/\/www.livrariarema.com.br\/loja\/wp-json\/wp\/v2\/product"}],"about":[{"href":"https:\/\/www.livrariarema.com.br\/loja\/wp-json\/wp\/v2\/types\/product"}],"replies":[{"embeddable":true,"href":"https:\/\/www.livrariarema.com.br\/loja\/wp-json\/wp\/v2\/comments?post=55214"}],"wp:featuredmedia":[{"embeddable":true,"href":"https:\/\/www.livrariarema.com.br\/loja\/wp-json\/wp\/v2\/media\/343854"}],"wp:attachment":[{"href":"https:\/\/www.livrariarema.com.br\/loja\/wp-json\/wp\/v2\/media?parent=55214"}],"wp:term":[{"taxonomy":"product_cat","embeddable":true,"href":"https:\/\/www.livrariarema.com.br\/loja\/wp-json\/wp\/v2\/product_cat?post=55214"},{"taxonomy":"product_tag","embeddable":true,"href":"https:\/\/www.livrariarema.com.br\/loja\/wp-json\/wp\/v2\/product_tag?post=55214"}],"curies":[{"name":"wp","href":"https:\/\/api.w.org\/{rel}","templated":true}]}}