{"id":55226,"date":"2021-01-22T09:38:43","date_gmt":"2021-01-22T12:38:43","guid":{"rendered":"https:\/\/www.livrariarema.com.br\/loja\/produtos\/sem%20categoria\/livres-e-saudaveis-beni-johnson\/"},"modified":"2025-07-28T12:51:11","modified_gmt":"2025-07-28T15:51:11","slug":"livres-e-saudaveis-beni-johnson","status":"publish","type":"product","link":"https:\/\/www.livrariarema.com.br\/loja\/produtos\/livros\/mulher\/livres-e-saudaveis-beni-johnson\/","title":{"rendered":"Livres E Saud\u00e1veis &#8211; Beni Johnson"},"content":{"rendered":"<p>Comece a jornada para a sa\u00fade do seu corpo, alma e esp\u00edrito hoje!<\/p>\n<p>Beni Johnson recebeu uma revela\u00e7\u00e3o transformadora sobre como todos podem come\u00e7ar a viver plenamente saud\u00e1veis, inclusive voc\u00ea! Fomos criados com corpo, alma e esp\u00edrito, e fomos desenhados para sermos bem-sucedidos em todas essas \u00e1reas!<\/p>\n<p>N\u00e3o fomos criados para vivermos doentes fisicamente e emocionalmente, mas sim para desfrutarmos da vida em todos os aspectos. Infelizmente, muitos procuram ser saud\u00e1veis somente em uma \u00e1rea e negligenciam as outras, o que pode ocasionar frieza espiritual, maus h\u00e1bitos alimentares, depress\u00e3o, cansa\u00e7o e sedentarismo.<\/p>\n<p>Em Livres &amp; Saud\u00e1veis, Beni lhe explicar\u00e1 como:<br \/>\n&#8211;\tEncontrar motiva\u00e7\u00e3o: aprenda o segredo para que o seu novo estilo de vida seja saud\u00e1vel.<br \/>\n&#8211;\tDestravar a conex\u00e3o: descubra como o seu esp\u00edrito, alma e corpo s\u00e3o interconectados e como a sa\u00fade em uma \u00e1rea afeta as outras.<br \/>\n&#8211;\tSimplesmente come\u00e7ar: receba passos pr\u00e1ticos e f\u00e1ceis para come\u00e7ar a viver de forma saud\u00e1vel.<\/p>\n<p>O M\u00e9dico dos m\u00e9dicos deseja que vivamos conforme a sa\u00fade celestial. Alinhe-se com o prop\u00f3sito divino hoje e experimente a verdadeira liberdade em seu corpo, alma e esp\u00edrito!<\/p>\n<p>Bill e Beni Johnson  s\u00e3o pastores seniores da Bethel Church, localizada em Redding na Calif\u00f3rnia, e servem a v\u00e1rias igrejas que se uniram em busca do avivamento. Al\u00e9m disso, Beni lidera os intercessores e a Casa de Ora\u00e7\u00e3o. Bill e Beni t\u00eam tr\u00eas filhos casados e nove netos.<\/p>\n","protected":false},"excerpt":{"rendered":"<p>Comece a jornada para a sa\u00fade do seu corpo, alma e esp\u00edrito hoje! Beni Johnson recebeu uma revela\u00e7\u00e3o transformadora sobre&hellip;<\/p>\n","protected":false},"featured_media":311509,"comment_status":"open","ping_status":"closed","template":"","meta":[],"product_cat":[134,170],"product_tag":[],"_links":{"self":[{"href":"https:\/\/www.livrariarema.com.br\/loja\/wp-json\/wp\/v2\/product\/55226"}],"collection":[{"href":"https:\/\/www.livrariarema.com.br\/loja\/wp-json\/wp\/v2\/product"}],"about":[{"href":"https:\/\/www.livrariarema.com.br\/loja\/wp-json\/wp\/v2\/types\/product"}],"replies":[{"embeddable":true,"href":"https:\/\/www.livrariarema.com.br\/loja\/wp-json\/wp\/v2\/comments?post=55226"}],"wp:featuredmedia":[{"embeddable":true,"href":"https:\/\/www.livrariarema.com.br\/loja\/wp-json\/wp\/v2\/media\/311509"}],"wp:attachment":[{"href":"https:\/\/www.livrariarema.com.br\/loja\/wp-json\/wp\/v2\/media?parent=55226"}],"wp:term":[{"taxonomy":"product_cat","embeddable":true,"href":"https:\/\/www.livrariarema.com.br\/loja\/wp-json\/wp\/v2\/product_cat?post=55226"},{"taxonomy":"product_tag","embeddable":true,"href":"https:\/\/www.livrariarema.com.br\/loja\/wp-json\/wp\/v2\/product_tag?post=55226"}],"curies":[{"name":"wp","href":"https:\/\/api.w.org\/{rel}","templated":true}]}}