{"id":55232,"date":"2021-01-22T09:38:54","date_gmt":"2021-01-22T12:38:54","guid":{"rendered":"https:\/\/www.livrariarema.com.br\/loja\/produtos\/sem%20categoria\/40-dias-com-os-vingadores-eduardo-medeiros\/"},"modified":"2026-03-10T18:10:53","modified_gmt":"2026-03-10T21:10:53","slug":"40-dias-com-os-vingadores-eduardo-medeiros","status":"publish","type":"product","link":"https:\/\/www.livrariarema.com.br\/loja\/produtos\/livros\/devocional\/40-dias-com-os-vingadores-eduardo-medeiros\/","title":{"rendered":"40 Dias Com Os Vingadores &#8211; Eduardo Medeiros"},"content":{"rendered":"<p>Eles foram chamados em seu lan\u00e7amento de &#8220;Os Her\u00f3is mais poderosos da Terra&#8221;.  A equipe criada por Stan Lee e Jack Kirby nasceu de uma grande crise, que exigiu um esfor\u00e7o conjunto de unidade e estrat\u00e9gia. Ainda hoje, ap\u00f3s v\u00e1rias d\u00e9cadas e forma\u00e7\u00f5es diferentes, os Vingadores s\u00e3o parte do imagin\u00e1rio de v\u00e1rias gera\u00e7\u00f5es. \u00c9 ineg\u00e1vel o potencial que essa mitologia moderna tem de nos inspirar e refletir sobre as verdades da Palavra de Deus. Escrita por Eduardo Medeiros, autor do best seller &#8220;Devocional Pop&#8221;, esta obra vai te proporcionar a oportunidade de experimentar as verdades eternas aliadas aos seus her\u00f3is favoritos da casa das ideias. A partir de suas qualidades e defeitos, vamos aprender o que a B\u00edblia fala a respeito de cada um deles, para cada um de n\u00f3s, durante quarenta dias de aventuras e descobertas. Assemble!<\/p>\n<p>40 Devocionais e um d\u00f4ssie exclusivo sobre cada her\u00f3i ou vil\u00e3o abordados!<\/p>\n","protected":false},"excerpt":{"rendered":"<p>Eles foram chamados em seu lan\u00e7amento de &#8220;Os Her\u00f3is mais poderosos da Terra&#8221;. A equipe criada por Stan Lee e&hellip;<\/p>\n","protected":false},"featured_media":323912,"comment_status":"open","ping_status":"closed","template":"","meta":[],"product_cat":[158,134],"product_tag":[],"_links":{"self":[{"href":"https:\/\/www.livrariarema.com.br\/loja\/wp-json\/wp\/v2\/product\/55232"}],"collection":[{"href":"https:\/\/www.livrariarema.com.br\/loja\/wp-json\/wp\/v2\/product"}],"about":[{"href":"https:\/\/www.livrariarema.com.br\/loja\/wp-json\/wp\/v2\/types\/product"}],"replies":[{"embeddable":true,"href":"https:\/\/www.livrariarema.com.br\/loja\/wp-json\/wp\/v2\/comments?post=55232"}],"wp:featuredmedia":[{"embeddable":true,"href":"https:\/\/www.livrariarema.com.br\/loja\/wp-json\/wp\/v2\/media\/323912"}],"wp:attachment":[{"href":"https:\/\/www.livrariarema.com.br\/loja\/wp-json\/wp\/v2\/media?parent=55232"}],"wp:term":[{"taxonomy":"product_cat","embeddable":true,"href":"https:\/\/www.livrariarema.com.br\/loja\/wp-json\/wp\/v2\/product_cat?post=55232"},{"taxonomy":"product_tag","embeddable":true,"href":"https:\/\/www.livrariarema.com.br\/loja\/wp-json\/wp\/v2\/product_tag?post=55232"}],"curies":[{"name":"wp","href":"https:\/\/api.w.org\/{rel}","templated":true}]}}