{"id":55276,"date":"2021-01-22T09:40:16","date_gmt":"2021-01-22T12:40:16","guid":{"rendered":"https:\/\/www.livrariarema.com.br\/loja\/produtos\/sem%20categoria\/serie-herois-cristaos-ontem-e-hoje-william-carey-janet-benge-e-geoff-benge\/"},"modified":"2026-03-04T12:37:58","modified_gmt":"2026-03-04T15:37:58","slug":"serie-herois-cristaos-ontem-e-hoje-william-carey-janet-benge-e-geoff-benge","status":"publish","type":"product","link":"https:\/\/www.livrariarema.com.br\/loja\/produtos\/livros\/biografia\/serie-herois-cristaos-ontem-e-hoje-william-carey-janet-benge-e-geoff-benge\/","title":{"rendered":"S\u00e9rie Her\u00f3is Crist\u00e3os Ontem E Hoje &#8211; Vol. 05 &#8211; William Carey &#8211; Janet Benge E Geoff Benge"},"content":{"rendered":"<p>William Carey, o homem que come\u00e7ou a vida como o filho de um pobre tecel\u00e3o, ensinou a si mesmo latim, hebraico e grego enquanto trabalhava como sapateiro. Quando se convenceu de que a Inglaterra deveria enviar mission\u00e1rios para pa\u00edses rec\u00e9m-abertos, ele ajudou a fundar a primeira sociedade mission\u00e1ria inglesa. Ent\u00e3o se sentiu obrigado a ir \u00e0 \u00cdndia como primeiro mission\u00e1rio. <\/p>\n<p>Ap\u00f3s a publica\u00e7\u00e3o do seu livro sobre a necessidade da convers\u00e3o dos povos n\u00e3o alcan\u00e7ados, William deveria falar em uma reuni\u00e3o de ministros batistas. Ele terminou o discurso com duas frases que soariam por todo o mundo ap\u00f3s sua morte: &#8220;Espere coisas grandes de Deus. Tente coisas grandes para Deus&#8221;.<\/p>\n","protected":false},"excerpt":{"rendered":"<p>William Carey, o homem que come\u00e7ou a vida como o filho de um pobre tecel\u00e3o, ensinou a si mesmo latim,&hellip;<\/p>\n","protected":false},"featured_media":345834,"comment_status":"open","ping_status":"closed","template":"","meta":[],"product_cat":[181,134],"product_tag":[],"_links":{"self":[{"href":"https:\/\/www.livrariarema.com.br\/loja\/wp-json\/wp\/v2\/product\/55276"}],"collection":[{"href":"https:\/\/www.livrariarema.com.br\/loja\/wp-json\/wp\/v2\/product"}],"about":[{"href":"https:\/\/www.livrariarema.com.br\/loja\/wp-json\/wp\/v2\/types\/product"}],"replies":[{"embeddable":true,"href":"https:\/\/www.livrariarema.com.br\/loja\/wp-json\/wp\/v2\/comments?post=55276"}],"wp:featuredmedia":[{"embeddable":true,"href":"https:\/\/www.livrariarema.com.br\/loja\/wp-json\/wp\/v2\/media\/345834"}],"wp:attachment":[{"href":"https:\/\/www.livrariarema.com.br\/loja\/wp-json\/wp\/v2\/media?parent=55276"}],"wp:term":[{"taxonomy":"product_cat","embeddable":true,"href":"https:\/\/www.livrariarema.com.br\/loja\/wp-json\/wp\/v2\/product_cat?post=55276"},{"taxonomy":"product_tag","embeddable":true,"href":"https:\/\/www.livrariarema.com.br\/loja\/wp-json\/wp\/v2\/product_tag?post=55276"}],"curies":[{"name":"wp","href":"https:\/\/api.w.org\/{rel}","templated":true}]}}