{"id":55291,"date":"2021-01-22T09:45:45","date_gmt":"2021-01-22T12:45:45","guid":{"rendered":"https:\/\/www.livrariarema.com.br\/loja\/produtos\/sem%20categoria\/bandeja-para-pao-com-tampa-aluminio-175-cm\/"},"modified":"2026-04-01T16:11:51","modified_gmt":"2026-04-01T19:11:51","slug":"bandeja-para-pao-com-tampa-aluminio-175-cm","status":"publish","type":"product","link":"https:\/\/www.livrariarema.com.br\/loja\/produtos\/diversos\/bandeja-estojo-ceia\/bandeja-para-pao-com-tampa-aluminio-175-cm\/","title":{"rendered":"Bandeja Para P\u00e3o &#8211; Com Tampa &#8211; Alum\u00ednio &#8211; 17,5 Cm"},"content":{"rendered":"<p>Cont\u00e9m: 1 bandeja e 1 tampa<\/p>\n","protected":false},"excerpt":{"rendered":"<p>Cont\u00e9m: 1 bandeja e 1 tampa<\/p>\n","protected":false},"featured_media":325476,"comment_status":"open","ping_status":"closed","template":"","meta":[],"product_cat":[213,132],"product_tag":[],"_links":{"self":[{"href":"https:\/\/www.livrariarema.com.br\/loja\/wp-json\/wp\/v2\/product\/55291"}],"collection":[{"href":"https:\/\/www.livrariarema.com.br\/loja\/wp-json\/wp\/v2\/product"}],"about":[{"href":"https:\/\/www.livrariarema.com.br\/loja\/wp-json\/wp\/v2\/types\/product"}],"replies":[{"embeddable":true,"href":"https:\/\/www.livrariarema.com.br\/loja\/wp-json\/wp\/v2\/comments?post=55291"}],"wp:featuredmedia":[{"embeddable":true,"href":"https:\/\/www.livrariarema.com.br\/loja\/wp-json\/wp\/v2\/media\/325476"}],"wp:attachment":[{"href":"https:\/\/www.livrariarema.com.br\/loja\/wp-json\/wp\/v2\/media?parent=55291"}],"wp:term":[{"taxonomy":"product_cat","embeddable":true,"href":"https:\/\/www.livrariarema.com.br\/loja\/wp-json\/wp\/v2\/product_cat?post=55291"},{"taxonomy":"product_tag","embeddable":true,"href":"https:\/\/www.livrariarema.com.br\/loja\/wp-json\/wp\/v2\/product_tag?post=55291"}],"curies":[{"name":"wp","href":"https:\/\/api.w.org\/{rel}","templated":true}]}}