{"id":55296,"date":"2021-01-22T09:45:50","date_gmt":"2021-01-22T12:45:50","guid":{"rendered":"https:\/\/www.livrariarema.com.br\/loja\/produtos\/sem%20categoria\/bandeja-40-calices-com-porta-pao-aluminio\/"},"modified":"2026-03-31T15:50:31","modified_gmt":"2026-03-31T18:50:31","slug":"bandeja-40-calices-com-porta-pao-aluminio","status":"publish","type":"product","link":"https:\/\/www.livrariarema.com.br\/loja\/produtos\/diversos\/bandeja-estojo-ceia\/bandeja-40-calices-com-porta-pao-aluminio\/","title":{"rendered":"Bandeja 40 C\u00e1lices Com Porta P\u00e3o &#8211; Alum\u00ednio"},"content":{"rendered":"<p>Bandeja em alum\u00ednio com suporte dos c\u00e1lices em alum\u00ednio e cesto para p\u00e3o em alum\u00ednio<\/p>\n<p>Cont\u00e9m: 1 bandeja + 1 tampa + 1 suporte de c\u00e1lices + 1 cesto para p\u00e3o + 40 c\u00e1lices<\/p>\n","protected":false},"excerpt":{"rendered":"<p>Bandeja em alum\u00ednio com suporte dos c\u00e1lices em alum\u00ednio e cesto para p\u00e3o em alum\u00ednio Cont\u00e9m: 1 bandeja + 1&hellip;<\/p>\n","protected":false},"featured_media":342661,"comment_status":"open","ping_status":"closed","template":"","meta":[],"product_cat":[213,132],"product_tag":[],"_links":{"self":[{"href":"https:\/\/www.livrariarema.com.br\/loja\/wp-json\/wp\/v2\/product\/55296"}],"collection":[{"href":"https:\/\/www.livrariarema.com.br\/loja\/wp-json\/wp\/v2\/product"}],"about":[{"href":"https:\/\/www.livrariarema.com.br\/loja\/wp-json\/wp\/v2\/types\/product"}],"replies":[{"embeddable":true,"href":"https:\/\/www.livrariarema.com.br\/loja\/wp-json\/wp\/v2\/comments?post=55296"}],"wp:featuredmedia":[{"embeddable":true,"href":"https:\/\/www.livrariarema.com.br\/loja\/wp-json\/wp\/v2\/media\/342661"}],"wp:attachment":[{"href":"https:\/\/www.livrariarema.com.br\/loja\/wp-json\/wp\/v2\/media?parent=55296"}],"wp:term":[{"taxonomy":"product_cat","embeddable":true,"href":"https:\/\/www.livrariarema.com.br\/loja\/wp-json\/wp\/v2\/product_cat?post=55296"},{"taxonomy":"product_tag","embeddable":true,"href":"https:\/\/www.livrariarema.com.br\/loja\/wp-json\/wp\/v2\/product_tag?post=55296"}],"curies":[{"name":"wp","href":"https:\/\/api.w.org\/{rel}","templated":true}]}}