{"id":55338,"date":"2021-01-22T09:47:06","date_gmt":"2021-01-22T12:47:06","guid":{"rendered":"https:\/\/www.livrariarema.com.br\/loja\/produtos\/sem%20categoria\/biblia-sonho-de-princesa-marilene-terrengui\/"},"modified":"2026-04-14T12:31:07","modified_gmt":"2026-04-14T15:31:07","slug":"biblia-sonho-de-princesa-marilene-terrengui","status":"publish","type":"product","link":"https:\/\/www.livrariarema.com.br\/loja\/produtos\/livros\/infantil-biblia\/biblia-sonho-de-princesa-marilene-terrengui\/","title":{"rendered":"B\u00edblia Sonho De Princesa &#8211; Marilene Terrengui"},"content":{"rendered":"<p>Em um mundo onde somos cercados por p\u00e9ssimas influ\u00eancias, qual o legado que voc\u00ea deixar\u00e1 para sua princesa?<\/p>\n<p>Mais que uma B\u00edblia infantil, a B\u00edblia sonho de Princesa foi cuidadosamente escrita para elaborar no fortalecimento dos la\u00e7os entre as fam\u00edlia e Deus.<\/p>\n<p>Essa B\u00edblia possu\u00ed:<\/p>\n<p>Textos e ilustra\u00e7\u00f5es 100% originais cuidadosamente desenvolvida pra facilitar o entendimento b\u00edblico pelas pequeninas, favorecendo a intera\u00e7\u00e3o familiar.<\/p>\n<p>Devocionais ao final de cada texto b\u00edblico com atividades para serem feitas pelos pais com as filhas e outras apenas para pais.<\/p>\n<p>Todo enriquecida com ilustra\u00e7\u00f5es aquarela<\/p>\n<p>Acabamento em capa dura com aplica\u00e7\u00f5es de gliter e bordas laminadas.<\/p>\n","protected":false},"excerpt":{"rendered":"<p>Em um mundo onde somos cercados por p\u00e9ssimas influ\u00eancias, qual o legado que voc\u00ea deixar\u00e1 para sua princesa? Mais que&hellip;<\/p>\n","protected":false},"featured_media":346079,"comment_status":"open","ping_status":"closed","template":"","meta":[],"product_cat":[165,134],"product_tag":[],"_links":{"self":[{"href":"https:\/\/www.livrariarema.com.br\/loja\/wp-json\/wp\/v2\/product\/55338"}],"collection":[{"href":"https:\/\/www.livrariarema.com.br\/loja\/wp-json\/wp\/v2\/product"}],"about":[{"href":"https:\/\/www.livrariarema.com.br\/loja\/wp-json\/wp\/v2\/types\/product"}],"replies":[{"embeddable":true,"href":"https:\/\/www.livrariarema.com.br\/loja\/wp-json\/wp\/v2\/comments?post=55338"}],"wp:featuredmedia":[{"embeddable":true,"href":"https:\/\/www.livrariarema.com.br\/loja\/wp-json\/wp\/v2\/media\/346079"}],"wp:attachment":[{"href":"https:\/\/www.livrariarema.com.br\/loja\/wp-json\/wp\/v2\/media?parent=55338"}],"wp:term":[{"taxonomy":"product_cat","embeddable":true,"href":"https:\/\/www.livrariarema.com.br\/loja\/wp-json\/wp\/v2\/product_cat?post=55338"},{"taxonomy":"product_tag","embeddable":true,"href":"https:\/\/www.livrariarema.com.br\/loja\/wp-json\/wp\/v2\/product_tag?post=55338"}],"curies":[{"name":"wp","href":"https:\/\/api.w.org\/{rel}","templated":true}]}}