{"id":55354,"date":"2021-01-22T09:47:35","date_gmt":"2021-01-22T12:47:35","guid":{"rendered":"https:\/\/www.livrariarema.com.br\/loja\/produtos\/sem%20categoria\/deus-prodigo-o-timothy-keller\/"},"modified":"2026-02-20T13:00:44","modified_gmt":"2026-02-20T16:00:44","slug":"deus-prodigo-o-timothy-keller","status":"publish","type":"product","link":"https:\/\/www.livrariarema.com.br\/loja\/produtos\/livros\/vida-crista\/deus-prodigo-o-timothy-keller\/","title":{"rendered":"Deus Pr\u00f3digo, O &#8211; Timothy Keller"},"content":{"rendered":"<p>Em O Deus pr\u00f3digo, Tim Keller usa sua capacidade intelectual marcante para desvendar a mensagem essencial de Jesus por tr\u00e1s de sua mais conhecida par\u00e1bola, a do Filho Pr\u00f3digo, resgatando o sentido da mensagem inesperada de esperan\u00e7a e salva\u00e7\u00e3o contida nessa hist\u00f3ria.<\/p>\n<p>Nessa famosa passagem, que o autor denomina a &#8220;Par\u00e1bola dos Dois Filhos Perdidos&#8221;, Jesus revela a abundante gra\u00e7a de Deus tanto para o irreligioso e licencioso quanto para o religioso e legalista. Neste livro, Keller se prop\u00f5e expor os fundamentos da f\u00e9 crist\u00e3. Seus argumentos certamente desafiar\u00e3o e encorajar\u00e3o rec\u00e9m-convertidos, crist\u00e3os j\u00e1 familiarizados com essa par\u00e1bola e os que est\u00e3o longe da f\u00e9.<\/p>\n","protected":false},"excerpt":{"rendered":"<p>Em O Deus pr\u00f3digo, Tim Keller usa sua capacidade intelectual marcante para desvendar a mensagem essencial de Jesus por tr\u00e1s&hellip;<\/p>\n","protected":false},"featured_media":344984,"comment_status":"open","ping_status":"closed","template":"","meta":[],"product_cat":[134,137],"product_tag":[],"_links":{"self":[{"href":"https:\/\/www.livrariarema.com.br\/loja\/wp-json\/wp\/v2\/product\/55354"}],"collection":[{"href":"https:\/\/www.livrariarema.com.br\/loja\/wp-json\/wp\/v2\/product"}],"about":[{"href":"https:\/\/www.livrariarema.com.br\/loja\/wp-json\/wp\/v2\/types\/product"}],"replies":[{"embeddable":true,"href":"https:\/\/www.livrariarema.com.br\/loja\/wp-json\/wp\/v2\/comments?post=55354"}],"wp:featuredmedia":[{"embeddable":true,"href":"https:\/\/www.livrariarema.com.br\/loja\/wp-json\/wp\/v2\/media\/344984"}],"wp:attachment":[{"href":"https:\/\/www.livrariarema.com.br\/loja\/wp-json\/wp\/v2\/media?parent=55354"}],"wp:term":[{"taxonomy":"product_cat","embeddable":true,"href":"https:\/\/www.livrariarema.com.br\/loja\/wp-json\/wp\/v2\/product_cat?post=55354"},{"taxonomy":"product_tag","embeddable":true,"href":"https:\/\/www.livrariarema.com.br\/loja\/wp-json\/wp\/v2\/product_tag?post=55354"}],"curies":[{"name":"wp","href":"https:\/\/api.w.org\/{rel}","templated":true}]}}