{"id":55384,"date":"2021-01-22T09:48:29","date_gmt":"2021-01-22T12:48:29","guid":{"rendered":"https:\/\/www.livrariarema.com.br\/loja\/produtos\/sem%20categoria\/classicos-da-biblia-joao-batista\/"},"modified":"2026-02-28T11:36:20","modified_gmt":"2026-02-28T14:36:20","slug":"classicos-da-biblia-joao-batista","status":"publish","type":"product","link":"https:\/\/www.livrariarema.com.br\/loja\/produtos\/livros\/infantil\/classicos-da-biblia-joao-batista\/","title":{"rendered":"Cl\u00e1ssicos Da B\u00edblia &#8211; Jo\u00e3o Batista"},"content":{"rendered":"<p>Estas s\u00e3o as mais fascinantes hist\u00f3rias da B\u00edblia que, com belas ilustra\u00e7\u00f5es e uma linguagem simples e envolvente, ensinam \u00e0 crian\u00e7a as Sagradas Escrituras e propiciam os mais preciosos ensinamentos.<\/p>\n","protected":false},"excerpt":{"rendered":"<p>Estas s\u00e3o as mais fascinantes hist\u00f3rias da B\u00edblia que, com belas ilustra\u00e7\u00f5es e uma linguagem simples e envolvente, ensinam \u00e0&hellip;<\/p>\n","protected":false},"featured_media":331592,"comment_status":"open","ping_status":"closed","template":"","meta":[],"product_cat":[144,134],"product_tag":[],"_links":{"self":[{"href":"https:\/\/www.livrariarema.com.br\/loja\/wp-json\/wp\/v2\/product\/55384"}],"collection":[{"href":"https:\/\/www.livrariarema.com.br\/loja\/wp-json\/wp\/v2\/product"}],"about":[{"href":"https:\/\/www.livrariarema.com.br\/loja\/wp-json\/wp\/v2\/types\/product"}],"replies":[{"embeddable":true,"href":"https:\/\/www.livrariarema.com.br\/loja\/wp-json\/wp\/v2\/comments?post=55384"}],"wp:featuredmedia":[{"embeddable":true,"href":"https:\/\/www.livrariarema.com.br\/loja\/wp-json\/wp\/v2\/media\/331592"}],"wp:attachment":[{"href":"https:\/\/www.livrariarema.com.br\/loja\/wp-json\/wp\/v2\/media?parent=55384"}],"wp:term":[{"taxonomy":"product_cat","embeddable":true,"href":"https:\/\/www.livrariarema.com.br\/loja\/wp-json\/wp\/v2\/product_cat?post=55384"},{"taxonomy":"product_tag","embeddable":true,"href":"https:\/\/www.livrariarema.com.br\/loja\/wp-json\/wp\/v2\/product_tag?post=55384"}],"curies":[{"name":"wp","href":"https:\/\/api.w.org\/{rel}","templated":true}]}}