{"id":55394,"date":"2021-01-22T09:48:46","date_gmt":"2021-01-22T12:48:46","guid":{"rendered":"https:\/\/www.livrariarema.com.br\/loja\/produtos\/sem%20categoria\/classicos-da-biblia-moises\/"},"modified":"2026-04-08T16:58:44","modified_gmt":"2026-04-08T19:58:44","slug":"classicos-da-biblia-moises","status":"publish","type":"product","link":"https:\/\/www.livrariarema.com.br\/loja\/produtos\/livros\/infantil\/classicos-da-biblia-moises\/","title":{"rendered":"Cl\u00e1ssicos Da B\u00edblia &#8211; Mois\u00e9s"},"content":{"rendered":"<p>Estas s\u00e3o as mais fascinantes hist\u00f3rias da B\u00edblia que, com belas ilustra\u00e7\u00f5es e uma linguagem simples e envolvente, ensinam \u00e0 crian\u00e7a as Sagradas Escrituras e propiciam os mais preciosos ensinamentos.<\/p>\n","protected":false},"excerpt":{"rendered":"<p>Estas s\u00e3o as mais fascinantes hist\u00f3rias da B\u00edblia que, com belas ilustra\u00e7\u00f5es e uma linguagem simples e envolvente, ensinam \u00e0&hellip;<\/p>\n","protected":false},"featured_media":331597,"comment_status":"open","ping_status":"closed","template":"","meta":[],"product_cat":[144,134],"product_tag":[],"_links":{"self":[{"href":"https:\/\/www.livrariarema.com.br\/loja\/wp-json\/wp\/v2\/product\/55394"}],"collection":[{"href":"https:\/\/www.livrariarema.com.br\/loja\/wp-json\/wp\/v2\/product"}],"about":[{"href":"https:\/\/www.livrariarema.com.br\/loja\/wp-json\/wp\/v2\/types\/product"}],"replies":[{"embeddable":true,"href":"https:\/\/www.livrariarema.com.br\/loja\/wp-json\/wp\/v2\/comments?post=55394"}],"wp:featuredmedia":[{"embeddable":true,"href":"https:\/\/www.livrariarema.com.br\/loja\/wp-json\/wp\/v2\/media\/331597"}],"wp:attachment":[{"href":"https:\/\/www.livrariarema.com.br\/loja\/wp-json\/wp\/v2\/media?parent=55394"}],"wp:term":[{"taxonomy":"product_cat","embeddable":true,"href":"https:\/\/www.livrariarema.com.br\/loja\/wp-json\/wp\/v2\/product_cat?post=55394"},{"taxonomy":"product_tag","embeddable":true,"href":"https:\/\/www.livrariarema.com.br\/loja\/wp-json\/wp\/v2\/product_tag?post=55394"}],"curies":[{"name":"wp","href":"https:\/\/api.w.org\/{rel}","templated":true}]}}