{"id":55484,"date":"2021-01-22T09:51:32","date_gmt":"2021-01-22T12:51:32","guid":{"rendered":"https:\/\/www.livrariarema.com.br\/loja\/produtos\/sem%20categoria\/tanah-completo-hebraico-e-portugues-azul-bordo\/"},"modified":"2024-04-22T08:22:21","modified_gmt":"2024-04-22T11:22:21","slug":"tanah-completo-hebraico-e-portugues-azul-bordo","status":"publish","type":"product","link":"https:\/\/www.livrariarema.com.br\/loja\/produtos\/biblias\/outros-idiomas\/tanah-completo-hebraico-e-portugues-azul-bordo\/","title":{"rendered":"Tanah Completo &#8211; Hebraico E Portugu\u00eas &#8211; Azul \/ Bord\u00f4"},"content":{"rendered":"<p>Esta edi\u00e7\u00e3o apresenta o texto hebraico original da B\u00edblia &#8211; baseado no famoso C\u00f3dex de Alepo &#8211; ao lado de sua tradu\u00e7\u00e3o para o portugu\u00eas, publicada anteriormente na &#8220;B\u00edblia Hebraica&#8221; (2006), sendo diretamente do hebraico e \u00e0 luz do Talmud e das fontes judaicas.<\/p>\n<p>Esta in\u00e9dita edi\u00e7\u00e3o bilingue mostra a forma como os judeus leem e entendem o texto b\u00edblico h\u00e1 milhares de anos. De certa forma, isso explicar\u00e1 por que os judeus s\u00e3o como s\u00e3o, em que se baseia a f\u00e9 judaica ancestral e, talvez, o segredo da sua exist\u00eancia ao longo da hist\u00f3ria.<\/p>\n<p>Os leitores familiarizados com o hebraico encontrar\u00e3o o texto original apresentado de forma moderna, leg\u00edvel e repleto de inova\u00e7\u00f5es gr\u00e1ficas (como quando a vogal Shev\u00e1 \u00e9 pronunciada com o som de E ou muda, e a vogal Cam\u00e1ts, quando tem som de A ou O), e muito mais (veja mais detalhes abaixo, no pref\u00e1cio \u00e0 obra).<\/p>\n<p>Para os leitores n\u00e3o judeus, a leitura de certas passagens causar\u00e1 alguma surpresa, e isso os far\u00e1 ver a B\u00edblia com outros olhos, a partir do contexto judaico original da mesma e sem as &#8220;interfer\u00eancias&#8221; operadas em certas passagens pol\u00eamicas no decorrer dos tempos.<\/p>\n<p>S\u00e3o 2440 p\u00e1ginas no formato 14&#215;21 cm. em papel b\u00edblia branco 27 gr. &#8211; o que lhe d\u00e1 uma espessura de apenas 4,5 cm. sem atrapalhar na leitura e legibilidade tipogr\u00e1fica do texto &#8211; e capa de luxo com cantos arredondados. <\/p>\n","protected":false},"excerpt":{"rendered":"<p>Esta edi\u00e7\u00e3o apresenta o texto hebraico original da B\u00edblia &#8211; baseado no famoso C\u00f3dex de Alepo &#8211; ao lado de&hellip;<\/p>\n","protected":false},"featured_media":292823,"comment_status":"open","ping_status":"closed","template":"","meta":[],"product_cat":[139,141],"product_tag":[],"_links":{"self":[{"href":"https:\/\/www.livrariarema.com.br\/loja\/wp-json\/wp\/v2\/product\/55484"}],"collection":[{"href":"https:\/\/www.livrariarema.com.br\/loja\/wp-json\/wp\/v2\/product"}],"about":[{"href":"https:\/\/www.livrariarema.com.br\/loja\/wp-json\/wp\/v2\/types\/product"}],"replies":[{"embeddable":true,"href":"https:\/\/www.livrariarema.com.br\/loja\/wp-json\/wp\/v2\/comments?post=55484"}],"wp:featuredmedia":[{"embeddable":true,"href":"https:\/\/www.livrariarema.com.br\/loja\/wp-json\/wp\/v2\/media\/292823"}],"wp:attachment":[{"href":"https:\/\/www.livrariarema.com.br\/loja\/wp-json\/wp\/v2\/media?parent=55484"}],"wp:term":[{"taxonomy":"product_cat","embeddable":true,"href":"https:\/\/www.livrariarema.com.br\/loja\/wp-json\/wp\/v2\/product_cat?post=55484"},{"taxonomy":"product_tag","embeddable":true,"href":"https:\/\/www.livrariarema.com.br\/loja\/wp-json\/wp\/v2\/product_tag?post=55484"}],"curies":[{"name":"wp","href":"https:\/\/api.w.org\/{rel}","templated":true}]}}