{"id":55496,"date":"2021-01-22T09:52:08","date_gmt":"2021-01-22T12:52:08","guid":{"rendered":"https:\/\/www.livrariarema.com.br\/loja\/produtos\/sem%20categoria\/adolescente-uma-conversa-franca-jamiel-de-oliveira-lopes\/"},"modified":"2026-04-25T10:50:22","modified_gmt":"2026-04-25T13:50:22","slug":"adolescente-uma-conversa-franca-jamiel-de-oliveira-lopes","status":"publish","type":"product","link":"https:\/\/www.livrariarema.com.br\/loja\/produtos\/livros\/adolescente\/adolescente-uma-conversa-franca-jamiel-de-oliveira-lopes\/","title":{"rendered":"Adolescente, Uma Conversa Franca &#8211; Jamiel De Oliveira Lopes"},"content":{"rendered":"<p>Neste livro voc\u00ea encontrar\u00e1 alguns conselhos pr\u00e1ticos para o dia-a-dia baseados no livro de Prov\u00e9rbios que lhe ajudar\u00e3o a viver uma vida feliz e segura. Em prov\u00e9rbios aprendemos \u00e0 import\u00e2ncia de princ\u00edpios b\u00e1sicos que devem reger as nossas vidas como: a sabedoria, a obedi\u00eancia e a prud\u00eancia.<\/p>\n<p>Se voc\u00ea pretende encontrar o caminho certo que leva a uma vida de plena felicidade observe atentamente os ensinos apresentados neste livro e ponha em pr\u00e1tica cada princ\u00edpio que aprendeu.<\/p>\n","protected":false},"excerpt":{"rendered":"<p>Neste livro voc\u00ea encontrar\u00e1 alguns conselhos pr\u00e1ticos para o dia-a-dia baseados no livro de Prov\u00e9rbios que lhe ajudar\u00e3o a viver&hellip;<\/p>\n","protected":false},"featured_media":329463,"comment_status":"open","ping_status":"closed","template":"","meta":[],"product_cat":[186,134],"product_tag":[],"_links":{"self":[{"href":"https:\/\/www.livrariarema.com.br\/loja\/wp-json\/wp\/v2\/product\/55496"}],"collection":[{"href":"https:\/\/www.livrariarema.com.br\/loja\/wp-json\/wp\/v2\/product"}],"about":[{"href":"https:\/\/www.livrariarema.com.br\/loja\/wp-json\/wp\/v2\/types\/product"}],"replies":[{"embeddable":true,"href":"https:\/\/www.livrariarema.com.br\/loja\/wp-json\/wp\/v2\/comments?post=55496"}],"wp:featuredmedia":[{"embeddable":true,"href":"https:\/\/www.livrariarema.com.br\/loja\/wp-json\/wp\/v2\/media\/329463"}],"wp:attachment":[{"href":"https:\/\/www.livrariarema.com.br\/loja\/wp-json\/wp\/v2\/media?parent=55496"}],"wp:term":[{"taxonomy":"product_cat","embeddable":true,"href":"https:\/\/www.livrariarema.com.br\/loja\/wp-json\/wp\/v2\/product_cat?post=55496"},{"taxonomy":"product_tag","embeddable":true,"href":"https:\/\/www.livrariarema.com.br\/loja\/wp-json\/wp\/v2\/product_tag?post=55496"}],"curies":[{"name":"wp","href":"https:\/\/api.w.org\/{rel}","templated":true}]}}