{"id":55605,"date":"2021-01-22T09:55:12","date_gmt":"2021-01-22T12:55:12","guid":{"rendered":"https:\/\/www.livrariarema.com.br\/loja\/produtos\/sem categoria\/patrulha-canina-aventura-com-numeros\/"},"modified":"2021-06-02T10:53:55","modified_gmt":"2021-06-02T13:53:55","slug":"patrulha-canina-aventura-com-numeros","status":"publish","type":"product","link":"https:\/\/www.livrariarema.com.br\/loja\/produtos\/livros\/infantil\/patrulha-canina-aventura-com-numeros\/","title":{"rendered":"PATRULHA CANINA &#8211; AVENTURA COM N\u00daMEROS"},"content":{"rendered":"<p>Aprenda os n\u00fameros com os filhotes da Patrulha Canina! Pratique cada n\u00famero e fa\u00e7a as atividades para desenvolver os primeiros aprendizados escolares.<\/p>\n","protected":false},"excerpt":{"rendered":"<p>Aprenda os n\u00fameros com os filhotes da Patrulha Canina! Pratique cada n\u00famero e fa\u00e7a as atividades para desenvolver os primeiros&hellip;<\/p>\n","protected":false},"featured_media":84132,"comment_status":"open","ping_status":"closed","template":"","meta":[],"product_cat":[144,134],"product_tag":[],"_links":{"self":[{"href":"https:\/\/www.livrariarema.com.br\/loja\/wp-json\/wp\/v2\/product\/55605"}],"collection":[{"href":"https:\/\/www.livrariarema.com.br\/loja\/wp-json\/wp\/v2\/product"}],"about":[{"href":"https:\/\/www.livrariarema.com.br\/loja\/wp-json\/wp\/v2\/types\/product"}],"replies":[{"embeddable":true,"href":"https:\/\/www.livrariarema.com.br\/loja\/wp-json\/wp\/v2\/comments?post=55605"}],"wp:featuredmedia":[{"embeddable":true,"href":"https:\/\/www.livrariarema.com.br\/loja\/wp-json\/wp\/v2\/media\/84132"}],"wp:attachment":[{"href":"https:\/\/www.livrariarema.com.br\/loja\/wp-json\/wp\/v2\/media?parent=55605"}],"wp:term":[{"taxonomy":"product_cat","embeddable":true,"href":"https:\/\/www.livrariarema.com.br\/loja\/wp-json\/wp\/v2\/product_cat?post=55605"},{"taxonomy":"product_tag","embeddable":true,"href":"https:\/\/www.livrariarema.com.br\/loja\/wp-json\/wp\/v2\/product_tag?post=55605"}],"curies":[{"name":"wp","href":"https:\/\/api.w.org\/{rel}","templated":true}]}}