{"id":55635,"date":"2021-01-22T09:56:13","date_gmt":"2021-01-22T12:56:13","guid":{"rendered":"https:\/\/www.livrariarema.com.br\/loja\/produtos\/sem%20categoria\/livro-com-aquarela-o-nascimento-de-jesus\/"},"modified":"2025-12-13T17:00:42","modified_gmt":"2025-12-13T20:00:42","slug":"livro-com-aquarela-o-nascimento-de-jesus","status":"publish","type":"product","link":"https:\/\/www.livrariarema.com.br\/loja\/produtos\/livros\/infantil\/livro-com-aquarela-o-nascimento-de-jesus\/","title":{"rendered":"Livro Com Aquarela &#8211; O Nascimento De Jesus"},"content":{"rendered":"<p>Conhe\u00e7a a hist\u00f3ria do nascimento de Jesus enquanto pinta as cenas com a aquarela. D\u00ea vida \u00e0 hist\u00f3ria e asas \u00e0 imagina\u00e7\u00e3o!<\/p>\n","protected":false},"excerpt":{"rendered":"<p>Conhe\u00e7a a hist\u00f3ria do nascimento de Jesus enquanto pinta as cenas com a aquarela. D\u00ea vida \u00e0 hist\u00f3ria e asas&hellip;<\/p>\n","protected":false},"featured_media":341391,"comment_status":"open","ping_status":"closed","template":"","meta":[],"product_cat":[144,134],"product_tag":[],"_links":{"self":[{"href":"https:\/\/www.livrariarema.com.br\/loja\/wp-json\/wp\/v2\/product\/55635"}],"collection":[{"href":"https:\/\/www.livrariarema.com.br\/loja\/wp-json\/wp\/v2\/product"}],"about":[{"href":"https:\/\/www.livrariarema.com.br\/loja\/wp-json\/wp\/v2\/types\/product"}],"replies":[{"embeddable":true,"href":"https:\/\/www.livrariarema.com.br\/loja\/wp-json\/wp\/v2\/comments?post=55635"}],"wp:featuredmedia":[{"embeddable":true,"href":"https:\/\/www.livrariarema.com.br\/loja\/wp-json\/wp\/v2\/media\/341391"}],"wp:attachment":[{"href":"https:\/\/www.livrariarema.com.br\/loja\/wp-json\/wp\/v2\/media?parent=55635"}],"wp:term":[{"taxonomy":"product_cat","embeddable":true,"href":"https:\/\/www.livrariarema.com.br\/loja\/wp-json\/wp\/v2\/product_cat?post=55635"},{"taxonomy":"product_tag","embeddable":true,"href":"https:\/\/www.livrariarema.com.br\/loja\/wp-json\/wp\/v2\/product_tag?post=55635"}],"curies":[{"name":"wp","href":"https:\/\/api.w.org\/{rel}","templated":true}]}}