{"id":55637,"date":"2021-01-22T09:56:17","date_gmt":"2021-01-22T12:56:17","guid":{"rendered":"https:\/\/www.livrariarema.com.br\/loja\/produtos\/sem%20categoria\/livro-com-aquarela-a-arca-de-noe\/"},"modified":"2025-12-13T17:00:39","modified_gmt":"2025-12-13T20:00:39","slug":"livro-com-aquarela-a-arca-de-noe","status":"publish","type":"product","link":"https:\/\/www.livrariarema.com.br\/loja\/produtos\/livros\/infantil\/livro-com-aquarela-a-arca-de-noe\/","title":{"rendered":"Livro Com Aquarela &#8211; A Arca De No\u00e9"},"content":{"rendered":"<p>Conhe\u00e7a a hist\u00f3ria de No\u00e9 e do grande dil\u00favio que inundou a terra enquanto pinta as cenas com a aquarela. D\u00ea vida \u00e0 hist\u00f3ria e asas \u00e0 sua imagina\u00e7\u00e3o!<\/p>\n","protected":false},"excerpt":{"rendered":"<p>Conhe\u00e7a a hist\u00f3ria de No\u00e9 e do grande dil\u00favio que inundou a terra enquanto pinta as cenas com a aquarela.&hellip;<\/p>\n","protected":false},"featured_media":301599,"comment_status":"open","ping_status":"closed","template":"","meta":[],"product_cat":[144,134],"product_tag":[],"_links":{"self":[{"href":"https:\/\/www.livrariarema.com.br\/loja\/wp-json\/wp\/v2\/product\/55637"}],"collection":[{"href":"https:\/\/www.livrariarema.com.br\/loja\/wp-json\/wp\/v2\/product"}],"about":[{"href":"https:\/\/www.livrariarema.com.br\/loja\/wp-json\/wp\/v2\/types\/product"}],"replies":[{"embeddable":true,"href":"https:\/\/www.livrariarema.com.br\/loja\/wp-json\/wp\/v2\/comments?post=55637"}],"wp:featuredmedia":[{"embeddable":true,"href":"https:\/\/www.livrariarema.com.br\/loja\/wp-json\/wp\/v2\/media\/301599"}],"wp:attachment":[{"href":"https:\/\/www.livrariarema.com.br\/loja\/wp-json\/wp\/v2\/media?parent=55637"}],"wp:term":[{"taxonomy":"product_cat","embeddable":true,"href":"https:\/\/www.livrariarema.com.br\/loja\/wp-json\/wp\/v2\/product_cat?post=55637"},{"taxonomy":"product_tag","embeddable":true,"href":"https:\/\/www.livrariarema.com.br\/loja\/wp-json\/wp\/v2\/product_tag?post=55637"}],"curies":[{"name":"wp","href":"https:\/\/api.w.org\/{rel}","templated":true}]}}