{"id":55687,"date":"2021-01-22T09:57:52","date_gmt":"2021-01-22T12:57:52","guid":{"rendered":"https:\/\/www.livrariarema.com.br\/loja\/produtos\/sem%20categoria\/historias-biblicas-livro-de-atividades-as-bodas-de-cana-o-primeiro-milagre\/"},"modified":"2025-04-30T13:41:06","modified_gmt":"2025-04-30T16:41:06","slug":"historias-biblicas-livro-de-atividades-as-bodas-de-cana-o-primeiro-milagre","status":"publish","type":"product","link":"https:\/\/www.livrariarema.com.br\/loja\/produtos\/livros\/infantil\/historias-biblicas-livro-de-atividades-as-bodas-de-cana-o-primeiro-milagre\/","title":{"rendered":"Hist\u00f3rias B\u00edblicas &#8211; Livro De Atividades &#8211; As Bodas De Can\u00e1 &#8211; O Primeiro Milagre"},"content":{"rendered":"","protected":false},"excerpt":{"rendered":"","protected":false},"featured_media":169284,"comment_status":"open","ping_status":"closed","template":"","meta":[],"product_cat":[144,134],"product_tag":[],"_links":{"self":[{"href":"https:\/\/www.livrariarema.com.br\/loja\/wp-json\/wp\/v2\/product\/55687"}],"collection":[{"href":"https:\/\/www.livrariarema.com.br\/loja\/wp-json\/wp\/v2\/product"}],"about":[{"href":"https:\/\/www.livrariarema.com.br\/loja\/wp-json\/wp\/v2\/types\/product"}],"replies":[{"embeddable":true,"href":"https:\/\/www.livrariarema.com.br\/loja\/wp-json\/wp\/v2\/comments?post=55687"}],"wp:featuredmedia":[{"embeddable":true,"href":"https:\/\/www.livrariarema.com.br\/loja\/wp-json\/wp\/v2\/media\/169284"}],"wp:attachment":[{"href":"https:\/\/www.livrariarema.com.br\/loja\/wp-json\/wp\/v2\/media?parent=55687"}],"wp:term":[{"taxonomy":"product_cat","embeddable":true,"href":"https:\/\/www.livrariarema.com.br\/loja\/wp-json\/wp\/v2\/product_cat?post=55687"},{"taxonomy":"product_tag","embeddable":true,"href":"https:\/\/www.livrariarema.com.br\/loja\/wp-json\/wp\/v2\/product_tag?post=55687"}],"curies":[{"name":"wp","href":"https:\/\/api.w.org\/{rel}","templated":true}]}}