{"id":55783,"date":"2021-01-22T10:01:57","date_gmt":"2021-01-22T13:01:57","guid":{"rendered":"https:\/\/www.livrariarema.com.br\/loja\/produtos\/sem%20categoria\/biblia-grande-fina-letra-grande-semi-luxo-preta-blgfp\/"},"modified":"2022-07-05T16:04:17","modified_gmt":"2022-07-05T19:04:17","slug":"biblia-grande-fina-letra-grande-semi-luxo-preta-blgfp","status":"publish","type":"product","link":"https:\/\/www.livrariarema.com.br\/loja\/produtos\/biblias\/revista-corrigida-fiel\/biblia-grande-fina-letra-grande-semi-luxo-preta-blgfp\/","title":{"rendered":"B\u00edblia Grande Fina &#8211; Letra Grande &#8211; Semi Luxo &#8211; Preta (Blgfp)"},"content":{"rendered":"<p>A vers\u00e3o Almeida Corrigida Fiel | acf (revisado segundo o novo acordo ortogr\u00e1fico da l\u00edngua portuguesa em 2011) \u00e9 uma tradu\u00e7\u00e3o fiel do Velho Testamento em Hebraico (Massor\u00e9tico) e do Novo Testamento em Grego (Textus Receptus), segundo o m\u00e9todo de tradu\u00e7\u00e3o formal (traduzindo cada palavra e mantendo a beleza lingu\u00edstica). Esta B\u00edblia tem tanto formato e letra grande, com espessura fina. Possui tamb\u00e9m: Subt\u00edtulos (aux\u00edlio para encontrar passagens b\u00edblicas) e Gloss\u00e1rio (um pequeno dicion\u00e1rio). B\u00edblia impressa em papel premium. Capa luxo, na cor preta. Impresso na Geogr\u00e1fica, Brasil.<\/p>\n","protected":false},"excerpt":{"rendered":"<p>A vers\u00e3o Almeida Corrigida Fiel | acf (revisado segundo o novo acordo ortogr\u00e1fico da l\u00edngua portuguesa em 2011) \u00e9 uma&hellip;<\/p>\n","protected":false},"featured_media":168721,"comment_status":"open","ping_status":"closed","template":"","meta":[],"product_cat":[139,212],"product_tag":[],"_links":{"self":[{"href":"https:\/\/www.livrariarema.com.br\/loja\/wp-json\/wp\/v2\/product\/55783"}],"collection":[{"href":"https:\/\/www.livrariarema.com.br\/loja\/wp-json\/wp\/v2\/product"}],"about":[{"href":"https:\/\/www.livrariarema.com.br\/loja\/wp-json\/wp\/v2\/types\/product"}],"replies":[{"embeddable":true,"href":"https:\/\/www.livrariarema.com.br\/loja\/wp-json\/wp\/v2\/comments?post=55783"}],"wp:featuredmedia":[{"embeddable":true,"href":"https:\/\/www.livrariarema.com.br\/loja\/wp-json\/wp\/v2\/media\/168721"}],"wp:attachment":[{"href":"https:\/\/www.livrariarema.com.br\/loja\/wp-json\/wp\/v2\/media?parent=55783"}],"wp:term":[{"taxonomy":"product_cat","embeddable":true,"href":"https:\/\/www.livrariarema.com.br\/loja\/wp-json\/wp\/v2\/product_cat?post=55783"},{"taxonomy":"product_tag","embeddable":true,"href":"https:\/\/www.livrariarema.com.br\/loja\/wp-json\/wp\/v2\/product_tag?post=55783"}],"curies":[{"name":"wp","href":"https:\/\/api.w.org\/{rel}","templated":true}]}}