{"id":55838,"date":"2021-01-22T10:03:26","date_gmt":"2021-01-22T13:03:26","guid":{"rendered":"https:\/\/www.livrariarema.com.br\/loja\/produtos\/sem%20categoria\/anne-vol-4-anne-de-windy-poplars-lucy-maud-montgomery\/"},"modified":"2026-04-15T17:01:25","modified_gmt":"2026-04-15T20:01:25","slug":"anne-vol-4-anne-de-windy-poplars-lucy-maud-montgomery","status":"publish","type":"product","link":"https:\/\/www.livrariarema.com.br\/loja\/produtos\/livros\/juvenil\/anne-vol-4-anne-de-windy-poplars-lucy-maud-montgomery\/","title":{"rendered":"Anne &#8211; Vol. 4 &#8211; Anne De Windy Poplars &#8211; Lucy Maud Montgomery"},"content":{"rendered":"<p>Anne agora \u00e9 diretora da escola de Summerside. A nova cidade e posi\u00e7\u00e3o preparam desafios, como a influente fam\u00edlia Pringle, que n\u00e3o a quer a frente da escola. Gilbert Blythe est\u00e1 a tr\u00eas anos de concluir a faculdade de medicina e Anne se corresponde com o noivo por cartas, compartilhando sua rotina com as vi\u00favas tia Kate e tia Chatty, a governanta Rebecca Dew, o gato Dusty e sua vizinha Elizabeth.<\/p>\n","protected":false},"excerpt":{"rendered":"<p>Anne agora \u00e9 diretora da escola de Summerside. A nova cidade e posi\u00e7\u00e3o preparam desafios, como a influente fam\u00edlia Pringle,&hellip;<\/p>\n","protected":false},"featured_media":319000,"comment_status":"open","ping_status":"closed","template":"","meta":[],"product_cat":[184,134],"product_tag":[],"_links":{"self":[{"href":"https:\/\/www.livrariarema.com.br\/loja\/wp-json\/wp\/v2\/product\/55838"}],"collection":[{"href":"https:\/\/www.livrariarema.com.br\/loja\/wp-json\/wp\/v2\/product"}],"about":[{"href":"https:\/\/www.livrariarema.com.br\/loja\/wp-json\/wp\/v2\/types\/product"}],"replies":[{"embeddable":true,"href":"https:\/\/www.livrariarema.com.br\/loja\/wp-json\/wp\/v2\/comments?post=55838"}],"wp:featuredmedia":[{"embeddable":true,"href":"https:\/\/www.livrariarema.com.br\/loja\/wp-json\/wp\/v2\/media\/319000"}],"wp:attachment":[{"href":"https:\/\/www.livrariarema.com.br\/loja\/wp-json\/wp\/v2\/media?parent=55838"}],"wp:term":[{"taxonomy":"product_cat","embeddable":true,"href":"https:\/\/www.livrariarema.com.br\/loja\/wp-json\/wp\/v2\/product_cat?post=55838"},{"taxonomy":"product_tag","embeddable":true,"href":"https:\/\/www.livrariarema.com.br\/loja\/wp-json\/wp\/v2\/product_tag?post=55838"}],"curies":[{"name":"wp","href":"https:\/\/api.w.org\/{rel}","templated":true}]}}