{"id":55840,"date":"2021-01-22T10:03:31","date_gmt":"2021-01-22T13:03:31","guid":{"rendered":"https:\/\/www.livrariarema.com.br\/loja\/produtos\/sem%20categoria\/anne-vol-5-anne-e-a-casa-dos-sonhos-lucy-maud-montgomery\/"},"modified":"2026-04-15T17:01:18","modified_gmt":"2026-04-15T20:01:18","slug":"anne-vol-5-anne-e-a-casa-dos-sonhos-lucy-maud-montgomery","status":"publish","type":"product","link":"https:\/\/www.livrariarema.com.br\/loja\/produtos\/livros\/juvenil\/anne-vol-5-anne-e-a-casa-dos-sonhos-lucy-maud-montgomery\/","title":{"rendered":"Anne &#8211; Vol. 5 &#8211; Anne E A Casa Dos Sonhos &#8211; Lucy Maud Montgomery"},"content":{"rendered":"<p>Sob o sol de Green Gables, onde tudo come\u00e7ou, Anne e Gilbert selam o relacionamento e assumem um futuro juntos. Em Four Winds uma oportunidade profissional aguarda Gilbert e rodeada de \u00e1rvores e um riacho est\u00e1 a casa dos sonhos de Anne. L\u00e1, conhecer\u00e3o o capit\u00e3o Jim e a Leslie Moore, vizinhos com hist\u00f3rias surpreendentes para compartilharem com o casal, que passar\u00e1 por momentos dif\u00edceis e alegres em seu primeiro ano de casado.<\/p>\n","protected":false},"excerpt":{"rendered":"<p>Sob o sol de Green Gables, onde tudo come\u00e7ou, Anne e Gilbert selam o relacionamento e assumem um futuro juntos.&hellip;<\/p>\n","protected":false},"featured_media":316349,"comment_status":"open","ping_status":"closed","template":"","meta":[],"product_cat":[184,134],"product_tag":[],"_links":{"self":[{"href":"https:\/\/www.livrariarema.com.br\/loja\/wp-json\/wp\/v2\/product\/55840"}],"collection":[{"href":"https:\/\/www.livrariarema.com.br\/loja\/wp-json\/wp\/v2\/product"}],"about":[{"href":"https:\/\/www.livrariarema.com.br\/loja\/wp-json\/wp\/v2\/types\/product"}],"replies":[{"embeddable":true,"href":"https:\/\/www.livrariarema.com.br\/loja\/wp-json\/wp\/v2\/comments?post=55840"}],"wp:featuredmedia":[{"embeddable":true,"href":"https:\/\/www.livrariarema.com.br\/loja\/wp-json\/wp\/v2\/media\/316349"}],"wp:attachment":[{"href":"https:\/\/www.livrariarema.com.br\/loja\/wp-json\/wp\/v2\/media?parent=55840"}],"wp:term":[{"taxonomy":"product_cat","embeddable":true,"href":"https:\/\/www.livrariarema.com.br\/loja\/wp-json\/wp\/v2\/product_cat?post=55840"},{"taxonomy":"product_tag","embeddable":true,"href":"https:\/\/www.livrariarema.com.br\/loja\/wp-json\/wp\/v2\/product_tag?post=55840"}],"curies":[{"name":"wp","href":"https:\/\/api.w.org\/{rel}","templated":true}]}}