{"id":55842,"date":"2021-01-22T10:03:35","date_gmt":"2021-01-22T13:03:35","guid":{"rendered":"https:\/\/www.livrariarema.com.br\/loja\/produtos\/sem%20categoria\/anne-vol-6-anne-de-ingleside-lucy-maud-montgomery\/"},"modified":"2026-04-15T17:01:10","modified_gmt":"2026-04-15T20:01:10","slug":"anne-vol-6-anne-de-ingleside-lucy-maud-montgomery","status":"publish","type":"product","link":"https:\/\/www.livrariarema.com.br\/loja\/produtos\/livros\/juvenil\/anne-vol-6-anne-de-ingleside-lucy-maud-montgomery\/","title":{"rendered":"Anne &#8211; Vol. 6 &#8211; Anne De Ingleside &#8211; Lucy Maud Montgomery"},"content":{"rendered":"<p>Em Ingleside, a vida \u00e9 bem agitada, cheia de descobertas dos cinco filhos de Anne. Com um sexto a caminho, ela n\u00e3o poderia estar mais assoberbada, at\u00e9 que a inconveniente tia Mary Maria faz uma inoportuna visita. Gilbert est\u00e1 sempre ocupado com o trabalho e Anne atarefada com os filhos, o que a leva a pensar que o amor do marido esfriou. Mas Anne est\u00e1 disposta a reacender o amor que existe entre eles desde a inf\u00e2ncia.<\/p>\n","protected":false},"excerpt":{"rendered":"<p>Em Ingleside, a vida \u00e9 bem agitada, cheia de descobertas dos cinco filhos de Anne. Com um sexto a caminho,&hellip;<\/p>\n","protected":false},"featured_media":258121,"comment_status":"open","ping_status":"closed","template":"","meta":[],"product_cat":[184,134],"product_tag":[],"_links":{"self":[{"href":"https:\/\/www.livrariarema.com.br\/loja\/wp-json\/wp\/v2\/product\/55842"}],"collection":[{"href":"https:\/\/www.livrariarema.com.br\/loja\/wp-json\/wp\/v2\/product"}],"about":[{"href":"https:\/\/www.livrariarema.com.br\/loja\/wp-json\/wp\/v2\/types\/product"}],"replies":[{"embeddable":true,"href":"https:\/\/www.livrariarema.com.br\/loja\/wp-json\/wp\/v2\/comments?post=55842"}],"wp:featuredmedia":[{"embeddable":true,"href":"https:\/\/www.livrariarema.com.br\/loja\/wp-json\/wp\/v2\/media\/258121"}],"wp:attachment":[{"href":"https:\/\/www.livrariarema.com.br\/loja\/wp-json\/wp\/v2\/media?parent=55842"}],"wp:term":[{"taxonomy":"product_cat","embeddable":true,"href":"https:\/\/www.livrariarema.com.br\/loja\/wp-json\/wp\/v2\/product_cat?post=55842"},{"taxonomy":"product_tag","embeddable":true,"href":"https:\/\/www.livrariarema.com.br\/loja\/wp-json\/wp\/v2\/product_tag?post=55842"}],"curies":[{"name":"wp","href":"https:\/\/api.w.org\/{rel}","templated":true}]}}