{"id":55844,"date":"2021-01-22T10:03:40","date_gmt":"2021-01-22T13:03:40","guid":{"rendered":"https:\/\/www.livrariarema.com.br\/loja\/produtos\/sem%20categoria\/anne-vol-7-vale-do-arco-iris-lucy-maud-montgomery\/"},"modified":"2026-04-15T17:01:02","modified_gmt":"2026-04-15T20:01:02","slug":"anne-vol-7-vale-do-arco-iris-lucy-maud-montgomery","status":"publish","type":"product","link":"https:\/\/www.livrariarema.com.br\/loja\/produtos\/livros\/juvenil\/anne-vol-7-vale-do-arco-iris-lucy-maud-montgomery\/","title":{"rendered":"Anne &#8211; Vol. 7 &#8211; Vale Do Arco-\u00cdris &#8211; Lucy Maud Montgomery"},"content":{"rendered":"<p>Os seis filhos de Anne e Gilbert j\u00e1 est\u00e3o crescidos e perseguindo aventuras. Em uma delas descobrem o Vale do Arco-\u00cdris e frequentemente v\u00e3o at\u00e9 l\u00e1 para brincarem. Ent\u00e3o, novas crian\u00e7as chegam a Glen St. Mary: os travessos Meredith. Contrariando as expectativas uma amizade nasce entre as crian\u00e7as, enquanto o vi\u00favo John Meredith procura por uma esposa. Em um celeiro, est\u00e1 escondida a \u00f3rf\u00e3 Mary Vance, que conquista os pequenos Blythe e Meredith, que juntos no Vale do Arco-\u00cdris, tra\u00e7am um plano para que a nova amiga n\u00e3o volte ao orfanato.<\/p>\n","protected":false},"excerpt":{"rendered":"<p>Os seis filhos de Anne e Gilbert j\u00e1 est\u00e3o crescidos e perseguindo aventuras. Em uma delas descobrem o Vale do&hellip;<\/p>\n","protected":false},"featured_media":288328,"comment_status":"open","ping_status":"closed","template":"","meta":[],"product_cat":[184,134],"product_tag":[],"_links":{"self":[{"href":"https:\/\/www.livrariarema.com.br\/loja\/wp-json\/wp\/v2\/product\/55844"}],"collection":[{"href":"https:\/\/www.livrariarema.com.br\/loja\/wp-json\/wp\/v2\/product"}],"about":[{"href":"https:\/\/www.livrariarema.com.br\/loja\/wp-json\/wp\/v2\/types\/product"}],"replies":[{"embeddable":true,"href":"https:\/\/www.livrariarema.com.br\/loja\/wp-json\/wp\/v2\/comments?post=55844"}],"wp:featuredmedia":[{"embeddable":true,"href":"https:\/\/www.livrariarema.com.br\/loja\/wp-json\/wp\/v2\/media\/288328"}],"wp:attachment":[{"href":"https:\/\/www.livrariarema.com.br\/loja\/wp-json\/wp\/v2\/media?parent=55844"}],"wp:term":[{"taxonomy":"product_cat","embeddable":true,"href":"https:\/\/www.livrariarema.com.br\/loja\/wp-json\/wp\/v2\/product_cat?post=55844"},{"taxonomy":"product_tag","embeddable":true,"href":"https:\/\/www.livrariarema.com.br\/loja\/wp-json\/wp\/v2\/product_tag?post=55844"}],"curies":[{"name":"wp","href":"https:\/\/api.w.org\/{rel}","templated":true}]}}