{"id":55858,"date":"2021-01-22T10:04:07","date_gmt":"2021-01-22T13:04:07","guid":{"rendered":"https:\/\/www.livrariarema.com.br\/loja\/produtos\/sem%20categoria\/365-palavras-cruzadas-com-historias-bibicas\/"},"modified":"2026-01-27T17:50:45","modified_gmt":"2026-01-27T20:50:45","slug":"365-palavras-cruzadas-com-historias-bibicas","status":"publish","type":"product","link":"https:\/\/www.livrariarema.com.br\/loja\/produtos\/livros\/cruzadas-caca-palavras-jogos\/365-palavras-cruzadas-com-historias-bibicas\/","title":{"rendered":"365 Palavras Cruzadas Com Hist\u00f3rias B\u00edbicas"},"content":{"rendered":"<p>Fazer palavras cruzadas com hist\u00f3rias b\u00edblicas \u00e9 uma forma criativa e divertida de desenvolver o racioc\u00ednio e deixar o pensamento \u00e1gil com lindas hist\u00f3rias sobre f\u00e9, bondade e amor. S\u00e3o 365 hist\u00f3rias, uma para cada dia do ano, com personagens inesquec\u00edveis, para voc\u00ea se encantar e se emocionar, al\u00e9m de enriquecer o vocabul\u00e1rio.<\/p>\n","protected":false},"excerpt":{"rendered":"<p>Fazer palavras cruzadas com hist\u00f3rias b\u00edblicas \u00e9 uma forma criativa e divertida de desenvolver o racioc\u00ednio e deixar o pensamento&hellip;<\/p>\n","protected":false},"featured_media":341393,"comment_status":"open","ping_status":"closed","template":"","meta":[],"product_cat":[338,134],"product_tag":[],"_links":{"self":[{"href":"https:\/\/www.livrariarema.com.br\/loja\/wp-json\/wp\/v2\/product\/55858"}],"collection":[{"href":"https:\/\/www.livrariarema.com.br\/loja\/wp-json\/wp\/v2\/product"}],"about":[{"href":"https:\/\/www.livrariarema.com.br\/loja\/wp-json\/wp\/v2\/types\/product"}],"replies":[{"embeddable":true,"href":"https:\/\/www.livrariarema.com.br\/loja\/wp-json\/wp\/v2\/comments?post=55858"}],"wp:featuredmedia":[{"embeddable":true,"href":"https:\/\/www.livrariarema.com.br\/loja\/wp-json\/wp\/v2\/media\/341393"}],"wp:attachment":[{"href":"https:\/\/www.livrariarema.com.br\/loja\/wp-json\/wp\/v2\/media?parent=55858"}],"wp:term":[{"taxonomy":"product_cat","embeddable":true,"href":"https:\/\/www.livrariarema.com.br\/loja\/wp-json\/wp\/v2\/product_cat?post=55858"},{"taxonomy":"product_tag","embeddable":true,"href":"https:\/\/www.livrariarema.com.br\/loja\/wp-json\/wp\/v2\/product_tag?post=55858"}],"curies":[{"name":"wp","href":"https:\/\/api.w.org\/{rel}","templated":true}]}}