{"id":55860,"date":"2021-01-22T10:04:11","date_gmt":"2021-01-22T13:04:11","guid":{"rendered":"https:\/\/www.livrariarema.com.br\/loja\/produtos\/sem%20categoria\/anne-vol-2-anne-de-avonlea-lucy-maud-montgomery\/"},"modified":"2026-04-15T17:01:43","modified_gmt":"2026-04-15T20:01:43","slug":"anne-vol-2-anne-de-avonlea-lucy-maud-montgomery","status":"publish","type":"product","link":"https:\/\/www.livrariarema.com.br\/loja\/produtos\/livros\/juvenil\/anne-vol-2-anne-de-avonlea-lucy-maud-montgomery\/","title":{"rendered":"Anne &#8211; Vol. 2 &#8211; Anne De Avonlea &#8211; Lucy Maud Montgomery"},"content":{"rendered":"<p>Agora com 16 anos, sentindo-se quase adulta, Anne est\u00e1 prestes a come\u00e7ar a lecionar na escola de Avonlea, a realidade de seu trabalho torna-se um teste para seu car\u00e1ter, surgindo v\u00e1rias d\u00favidas quanto ao seu futuro. Ela conquistou o amor do povoado e se tornou uma ativa participante de uma associa\u00e7\u00e3o para melhorias em Avonlea. Enfim, Anne decide deixar tudo para ir atr\u00e1s de seu grande sonho.<\/p>\n","protected":false},"excerpt":{"rendered":"<p>Agora com 16 anos, sentindo-se quase adulta, Anne est\u00e1 prestes a come\u00e7ar a lecionar na escola de Avonlea, a realidade&hellip;<\/p>\n","protected":false},"featured_media":346727,"comment_status":"open","ping_status":"closed","template":"","meta":[],"product_cat":[184,134],"product_tag":[],"_links":{"self":[{"href":"https:\/\/www.livrariarema.com.br\/loja\/wp-json\/wp\/v2\/product\/55860"}],"collection":[{"href":"https:\/\/www.livrariarema.com.br\/loja\/wp-json\/wp\/v2\/product"}],"about":[{"href":"https:\/\/www.livrariarema.com.br\/loja\/wp-json\/wp\/v2\/types\/product"}],"replies":[{"embeddable":true,"href":"https:\/\/www.livrariarema.com.br\/loja\/wp-json\/wp\/v2\/comments?post=55860"}],"wp:featuredmedia":[{"embeddable":true,"href":"https:\/\/www.livrariarema.com.br\/loja\/wp-json\/wp\/v2\/media\/346727"}],"wp:attachment":[{"href":"https:\/\/www.livrariarema.com.br\/loja\/wp-json\/wp\/v2\/media?parent=55860"}],"wp:term":[{"taxonomy":"product_cat","embeddable":true,"href":"https:\/\/www.livrariarema.com.br\/loja\/wp-json\/wp\/v2\/product_cat?post=55860"},{"taxonomy":"product_tag","embeddable":true,"href":"https:\/\/www.livrariarema.com.br\/loja\/wp-json\/wp\/v2\/product_tag?post=55860"}],"curies":[{"name":"wp","href":"https:\/\/api.w.org\/{rel}","templated":true}]}}