{"id":55874,"date":"2021-01-22T10:04:38","date_gmt":"2021-01-22T13:04:38","guid":{"rendered":"https:\/\/www.livrariarema.com.br\/loja\/produtos\/sem%20categoria\/escatologia-vitoriosa-harold-r-eberle-e-martin-trenck\/"},"modified":"2025-11-24T14:04:48","modified_gmt":"2025-11-24T17:04:48","slug":"escatologia-vitoriosa-harold-r-eberle-e-martin-trenck","status":"publish","type":"product","link":"https:\/\/www.livrariarema.com.br\/loja\/produtos\/promocao\/livros-promocao\/escatologia-vitoriosa-harold-r-eberle-e-martin-trenck\/","title":{"rendered":"Escatologia Vitoriosa &#8211; Harold R. Eberle E Martin Trenck"},"content":{"rendered":"<p>Quando li Escatologia Vitoriosa pela primeira vez, uma l\u00e2mpada se acendeu em uma \u00e1rea obscura do meu c\u00e9rebro! Desde que me tornei um forte defensor da teologia do dom\u00ednio percebi que a escatologia apresentada pela B\u00edblia Scofield, na qual eu me fundamentava antes, estava defasada. Entretanto, embora soubesse o que eu n\u00e3o era, ainda n\u00e3o sabia exatamente o que eu era, at\u00e9 que Harold Eberle e Martin Trench apareceram. Este \u00e9 um dos livros mais importantes que li nos \u00faltimos tempos.<\/p>\n<p>C. Peter Wagner &#8211; Ap\u00f3stolo Presidente da Coaliz\u00e3o Internacional de Ap\u00f3stolos, ICA<\/p>\n","protected":false},"excerpt":{"rendered":"<p>Quando li Escatologia Vitoriosa pela primeira vez, uma l\u00e2mpada se acendeu em uma \u00e1rea obscura do meu c\u00e9rebro! Desde que&hellip;<\/p>\n","protected":false},"featured_media":341458,"comment_status":"open","ping_status":"closed","template":"","meta":[],"product_cat":[143,142],"product_tag":[],"_links":{"self":[{"href":"https:\/\/www.livrariarema.com.br\/loja\/wp-json\/wp\/v2\/product\/55874"}],"collection":[{"href":"https:\/\/www.livrariarema.com.br\/loja\/wp-json\/wp\/v2\/product"}],"about":[{"href":"https:\/\/www.livrariarema.com.br\/loja\/wp-json\/wp\/v2\/types\/product"}],"replies":[{"embeddable":true,"href":"https:\/\/www.livrariarema.com.br\/loja\/wp-json\/wp\/v2\/comments?post=55874"}],"wp:featuredmedia":[{"embeddable":true,"href":"https:\/\/www.livrariarema.com.br\/loja\/wp-json\/wp\/v2\/media\/341458"}],"wp:attachment":[{"href":"https:\/\/www.livrariarema.com.br\/loja\/wp-json\/wp\/v2\/media?parent=55874"}],"wp:term":[{"taxonomy":"product_cat","embeddable":true,"href":"https:\/\/www.livrariarema.com.br\/loja\/wp-json\/wp\/v2\/product_cat?post=55874"},{"taxonomy":"product_tag","embeddable":true,"href":"https:\/\/www.livrariarema.com.br\/loja\/wp-json\/wp\/v2\/product_tag?post=55874"}],"curies":[{"name":"wp","href":"https:\/\/api.w.org\/{rel}","templated":true}]}}