{"id":55924,"date":"2021-01-22T10:08:25","date_gmt":"2021-01-22T13:08:25","guid":{"rendered":"https:\/\/www.livrariarema.com.br\/loja\/produtos\/sem%20categoria\/caneta-stabilo-point-88-fine-0-4-salmao\/"},"modified":"2025-09-24T15:55:33","modified_gmt":"2025-09-24T18:55:33","slug":"caneta-stabilo-point-88-fine-0-4-salmao","status":"publish","type":"product","link":"https:\/\/www.livrariarema.com.br\/loja\/produtos\/papelaria\/canetas\/caneta-stabilo-point-88-fine-0-4-salmao\/","title":{"rendered":"Caneta Stabilo &#8211; Point 88 &#8211; Fine 0.4 &#8211; Salm\u00e3o"},"content":{"rendered":"<p>Caneta Stabilo Point 88 Fine 0.4, com ponta sint\u00e9tica, proporcionando maior dura\u00e7\u00e3o do produto. <br \/>\nTinta a base de \u00e1gua, inodoro. <br \/>\nCorpo sextavado, para melhor apoio e conforto nas m\u00e3os. <\/p>\n<p>Registro Inmetro: 006 320\/2013<\/p>\n","protected":false},"excerpt":{"rendered":"<p>Caneta Stabilo Point 88 Fine 0.4, com ponta sint\u00e9tica, proporcionando maior dura\u00e7\u00e3o do produto. Tinta a base de \u00e1gua, inodoro.&hellip;<\/p>\n","protected":false},"featured_media":337993,"comment_status":"open","ping_status":"closed","template":"","meta":[],"product_cat":[216,215],"product_tag":[],"_links":{"self":[{"href":"https:\/\/www.livrariarema.com.br\/loja\/wp-json\/wp\/v2\/product\/55924"}],"collection":[{"href":"https:\/\/www.livrariarema.com.br\/loja\/wp-json\/wp\/v2\/product"}],"about":[{"href":"https:\/\/www.livrariarema.com.br\/loja\/wp-json\/wp\/v2\/types\/product"}],"replies":[{"embeddable":true,"href":"https:\/\/www.livrariarema.com.br\/loja\/wp-json\/wp\/v2\/comments?post=55924"}],"wp:featuredmedia":[{"embeddable":true,"href":"https:\/\/www.livrariarema.com.br\/loja\/wp-json\/wp\/v2\/media\/337993"}],"wp:attachment":[{"href":"https:\/\/www.livrariarema.com.br\/loja\/wp-json\/wp\/v2\/media?parent=55924"}],"wp:term":[{"taxonomy":"product_cat","embeddable":true,"href":"https:\/\/www.livrariarema.com.br\/loja\/wp-json\/wp\/v2\/product_cat?post=55924"},{"taxonomy":"product_tag","embeddable":true,"href":"https:\/\/www.livrariarema.com.br\/loja\/wp-json\/wp\/v2\/product_tag?post=55924"}],"curies":[{"name":"wp","href":"https:\/\/api.w.org\/{rel}","templated":true}]}}