{"id":56084,"date":"2021-01-22T10:13:10","date_gmt":"2021-01-22T13:13:10","guid":{"rendered":"https:\/\/www.livrariarema.com.br\/loja\/produtos\/sem%20categoria\/na065-biblia-missionaria-marrom-escuro\/"},"modified":"2026-03-06T12:40:29","modified_gmt":"2026-03-06T15:40:29","slug":"na065-biblia-missionaria-marrom-escuro","status":"publish","type":"product","link":"https:\/\/www.livrariarema.com.br\/loja\/produtos\/biblias\/nova-almeida-atualizada\/na065-biblia-missionaria-marrom-escuro\/","title":{"rendered":"Na065 &#8211; B\u00edblia Mission\u00e1ria &#8211; Marrom Escuro"},"content":{"rendered":"<p>A Sociedade B\u00edblica do Brasil apresenta \u00e0 Igreja brasileira e aos leitores da B\u00edblia a Nova Almeida Atualizada, resultado de uma profunda revis\u00e3o da consagrada tradu\u00e7\u00e3o Almeida Revista e Atualizada. De forma mais espec\u00edfica, o texto desta revis\u00e3o respeita o princ\u00edpio tradut\u00f3rio de equival\u00eancia formal e se caracteriza por um estilo que corresponde ao portugu\u00eas culto escrito hoje no Brasil.<\/p>\n<p> Deu-se aten\u00e7\u00e3o especial \u00e0 sonoridade, fazendo seja um texto ideal para leitura em voz alta, uso em cultos e estudos da Palavra de Deus.<br \/>\n A Comiss\u00e3o de Revis\u00e3o trabalhou com a convic\u00e7\u00e3o de que estava aperfei\u00e7oando uma tradu\u00e7\u00e3o excelente.<br \/>\n Tem como prop\u00f3sito apresentar um texto cl\u00e1ssico com uma linguagem atual, pensando especialmente nas novas gera\u00e7\u00f5es, sem perder a fidelidade ao leitor Almeida e aos textos b\u00edblicos originais.<br \/>\n As formas de segunda pessoa (&#8220;tu&#8221; e &#8220;v\u00f3s&#8221;) deram lugar a formas da terceira pessoa (&#8220;voc\u00ea&#8221; e &#8220;voc\u00eas&#8221;).<br \/>\n A ordem dos termos na frase segue a ordem natural em l\u00edngua portuguesa, com sujeito antes do verbo.<br \/>\n Mes\u00f3clises foram transformadas em formula\u00e7\u00f5es mais naturais em portugu\u00eas brasileiro.<br \/>\n Palavras arcaicas foram substitu\u00eddas por sin\u00f4nimos mais f\u00e1ceis, mas sem mexer em termos cl\u00e1ssicos da teologia.<br \/>\n Por meio de cuidadosa leitura do original hebraico e grego, foram retificados pequenos lapsos e introduzidos ajustes que se mostraram necess\u00e1rios \u00e0 luz do avan\u00e7o da pesquisa b\u00edblica.<br \/>\nAs novas edi\u00e7\u00f5es possuem capa em couro sint\u00e9tico e vem com letra gigante que facilita a leitura.<\/p>\n","protected":false},"excerpt":{"rendered":"<p>A Sociedade B\u00edblica do Brasil apresenta \u00e0 Igreja brasileira e aos leitores da B\u00edblia a Nova Almeida Atualizada, resultado de&hellip;<\/p>\n","protected":false},"featured_media":336936,"comment_status":"open","ping_status":"closed","template":"","meta":[],"product_cat":[139,174],"product_tag":[],"_links":{"self":[{"href":"https:\/\/www.livrariarema.com.br\/loja\/wp-json\/wp\/v2\/product\/56084"}],"collection":[{"href":"https:\/\/www.livrariarema.com.br\/loja\/wp-json\/wp\/v2\/product"}],"about":[{"href":"https:\/\/www.livrariarema.com.br\/loja\/wp-json\/wp\/v2\/types\/product"}],"replies":[{"embeddable":true,"href":"https:\/\/www.livrariarema.com.br\/loja\/wp-json\/wp\/v2\/comments?post=56084"}],"wp:featuredmedia":[{"embeddable":true,"href":"https:\/\/www.livrariarema.com.br\/loja\/wp-json\/wp\/v2\/media\/336936"}],"wp:attachment":[{"href":"https:\/\/www.livrariarema.com.br\/loja\/wp-json\/wp\/v2\/media?parent=56084"}],"wp:term":[{"taxonomy":"product_cat","embeddable":true,"href":"https:\/\/www.livrariarema.com.br\/loja\/wp-json\/wp\/v2\/product_cat?post=56084"},{"taxonomy":"product_tag","embeddable":true,"href":"https:\/\/www.livrariarema.com.br\/loja\/wp-json\/wp\/v2\/product_tag?post=56084"}],"curies":[{"name":"wp","href":"https:\/\/api.w.org\/{rel}","templated":true}]}}