{"id":56097,"date":"2021-01-22T10:13:32","date_gmt":"2021-01-22T13:13:32","guid":{"rendered":"https:\/\/www.livrariarema.com.br\/loja\/produtos\/sem%20categoria\/caneta-cis-pentonic-0-7mm-rosa\/"},"modified":"2026-03-18T13:30:50","modified_gmt":"2026-03-18T16:30:50","slug":"caneta-cis-pentonic-0-7mm-rosa","status":"publish","type":"product","link":"https:\/\/www.livrariarema.com.br\/loja\/produtos\/papelaria\/canetas\/caneta-cis-pentonic-0-7mm-rosa\/","title":{"rendered":"Caneta &#8211; Cis &#8211; Pentonic &#8211; 0.7Mm &#8211; Rosa"},"content":{"rendered":"<p>Caneta com corpo pl\u00e1stico super leve.<br \/>\nEscrita mais fluida.<br \/>\nDesign moderno.<br \/>\nEsfera de a\u00e7o inoxid\u00e1vel.<\/p>\n<p>Registro Inmetro 008 391\/2013<\/p>\n","protected":false},"excerpt":{"rendered":"<p>Caneta com corpo pl\u00e1stico super leve. Escrita mais fluida. Design moderno. Esfera de a\u00e7o inoxid\u00e1vel. Registro Inmetro 008 391\/2013<\/p>\n","protected":false},"featured_media":336192,"comment_status":"open","ping_status":"closed","template":"","meta":[],"product_cat":[216,215],"product_tag":[],"_links":{"self":[{"href":"https:\/\/www.livrariarema.com.br\/loja\/wp-json\/wp\/v2\/product\/56097"}],"collection":[{"href":"https:\/\/www.livrariarema.com.br\/loja\/wp-json\/wp\/v2\/product"}],"about":[{"href":"https:\/\/www.livrariarema.com.br\/loja\/wp-json\/wp\/v2\/types\/product"}],"replies":[{"embeddable":true,"href":"https:\/\/www.livrariarema.com.br\/loja\/wp-json\/wp\/v2\/comments?post=56097"}],"wp:featuredmedia":[{"embeddable":true,"href":"https:\/\/www.livrariarema.com.br\/loja\/wp-json\/wp\/v2\/media\/336192"}],"wp:attachment":[{"href":"https:\/\/www.livrariarema.com.br\/loja\/wp-json\/wp\/v2\/media?parent=56097"}],"wp:term":[{"taxonomy":"product_cat","embeddable":true,"href":"https:\/\/www.livrariarema.com.br\/loja\/wp-json\/wp\/v2\/product_cat?post=56097"},{"taxonomy":"product_tag","embeddable":true,"href":"https:\/\/www.livrariarema.com.br\/loja\/wp-json\/wp\/v2\/product_tag?post=56097"}],"curies":[{"name":"wp","href":"https:\/\/api.w.org\/{rel}","templated":true}]}}