{"id":56105,"date":"2021-01-22T10:13:46","date_gmt":"2021-01-22T13:13:46","guid":{"rendered":"https:\/\/www.livrariarema.com.br\/loja\/produtos\/sem%20categoria\/caneta-cis-pentonic-0-7mm-laranja\/"},"modified":"2025-09-09T17:50:57","modified_gmt":"2025-09-09T20:50:57","slug":"caneta-cis-pentonic-0-7mm-laranja","status":"publish","type":"product","link":"https:\/\/www.livrariarema.com.br\/loja\/produtos\/papelaria\/canetas\/caneta-cis-pentonic-0-7mm-laranja\/","title":{"rendered":"Caneta &#8211; Cis &#8211; Pentonic &#8211; 0.7Mm &#8211; Laranja"},"content":{"rendered":"<p>Caneta com corpo pl\u00e1stico super leve.<br \/>\nEscrita mais fluida.<br \/>\nDesign moderno.<br \/>\nEsfera de a\u00e7o inoxid\u00e1vel.<\/p>\n<p>Registro Inmetro 008 391\/2013<\/p>\n","protected":false},"excerpt":{"rendered":"<p>Caneta com corpo pl\u00e1stico super leve. Escrita mais fluida. Design moderno. Esfera de a\u00e7o inoxid\u00e1vel. Registro Inmetro 008 391\/2013<\/p>\n","protected":false},"featured_media":336195,"comment_status":"open","ping_status":"closed","template":"","meta":[],"product_cat":[216,215],"product_tag":[],"_links":{"self":[{"href":"https:\/\/www.livrariarema.com.br\/loja\/wp-json\/wp\/v2\/product\/56105"}],"collection":[{"href":"https:\/\/www.livrariarema.com.br\/loja\/wp-json\/wp\/v2\/product"}],"about":[{"href":"https:\/\/www.livrariarema.com.br\/loja\/wp-json\/wp\/v2\/types\/product"}],"replies":[{"embeddable":true,"href":"https:\/\/www.livrariarema.com.br\/loja\/wp-json\/wp\/v2\/comments?post=56105"}],"wp:featuredmedia":[{"embeddable":true,"href":"https:\/\/www.livrariarema.com.br\/loja\/wp-json\/wp\/v2\/media\/336195"}],"wp:attachment":[{"href":"https:\/\/www.livrariarema.com.br\/loja\/wp-json\/wp\/v2\/media?parent=56105"}],"wp:term":[{"taxonomy":"product_cat","embeddable":true,"href":"https:\/\/www.livrariarema.com.br\/loja\/wp-json\/wp\/v2\/product_cat?post=56105"},{"taxonomy":"product_tag","embeddable":true,"href":"https:\/\/www.livrariarema.com.br\/loja\/wp-json\/wp\/v2\/product_tag?post=56105"}],"curies":[{"name":"wp","href":"https:\/\/api.w.org\/{rel}","templated":true}]}}