{"id":56122,"date":"2021-01-22T10:14:13","date_gmt":"2021-01-22T13:14:13","guid":{"rendered":"https:\/\/www.livrariarema.com.br\/loja\/produtos\/sem%20categoria\/lendo-galatas-com-john-stott-john-stott\/"},"modified":"2025-01-08T15:43:42","modified_gmt":"2025-01-08T18:43:42","slug":"lendo-galatas-com-john-stott-john-stott","status":"publish","type":"product","link":"https:\/\/www.livrariarema.com.br\/loja\/produtos\/livros\/estudo-biblico\/lendo-galatas-com-john-stott-john-stott\/","title":{"rendered":"Lendo G\u00e1latas Com John Stott &#8211; John Stott"},"content":{"rendered":"<p>A s\u00e9rie &#8220;Lendo a B\u00edblia com John Stott&#8221; apresenta, em por\u00e7\u00f5es menores a passagens espec\u00edficas das Escrituras.<\/p>\n<p>Lendo G\u00e1latas com John Stott apresenta em nove estudos as respostas do evangelho para perguntas dos nossos dias, dentro e fora da Igreja. Com sua conhecida clareza e sabedoria b\u00edblica, John Stott evita detalhes t\u00e9cnicos e acad\u00eamicos, ao mesmo tempo em que mostra a ess\u00eancia, o significado e a aplica\u00e7\u00e3o do texto b\u00edblico.<\/p>\n<p>O formato adequado tamb\u00e9m \u00e0 leitura di\u00e1ria e o guia de estudo ao final de cada cap\u00edtulo tornam a leitura pr\u00e1tica e agrad\u00e1vel, tanto para o uso individual como para estudo de grupo.<\/p>\n","protected":false},"excerpt":{"rendered":"<p>A s\u00e9rie &#8220;Lendo a B\u00edblia com John Stott&#8221; apresenta, em por\u00e7\u00f5es menores a passagens espec\u00edficas das Escrituras. Lendo G\u00e1latas com&hellip;<\/p>\n","protected":false},"featured_media":244427,"comment_status":"open","ping_status":"closed","template":"","meta":[],"product_cat":[161,134],"product_tag":[],"_links":{"self":[{"href":"https:\/\/www.livrariarema.com.br\/loja\/wp-json\/wp\/v2\/product\/56122"}],"collection":[{"href":"https:\/\/www.livrariarema.com.br\/loja\/wp-json\/wp\/v2\/product"}],"about":[{"href":"https:\/\/www.livrariarema.com.br\/loja\/wp-json\/wp\/v2\/types\/product"}],"replies":[{"embeddable":true,"href":"https:\/\/www.livrariarema.com.br\/loja\/wp-json\/wp\/v2\/comments?post=56122"}],"wp:featuredmedia":[{"embeddable":true,"href":"https:\/\/www.livrariarema.com.br\/loja\/wp-json\/wp\/v2\/media\/244427"}],"wp:attachment":[{"href":"https:\/\/www.livrariarema.com.br\/loja\/wp-json\/wp\/v2\/media?parent=56122"}],"wp:term":[{"taxonomy":"product_cat","embeddable":true,"href":"https:\/\/www.livrariarema.com.br\/loja\/wp-json\/wp\/v2\/product_cat?post=56122"},{"taxonomy":"product_tag","embeddable":true,"href":"https:\/\/www.livrariarema.com.br\/loja\/wp-json\/wp\/v2\/product_tag?post=56122"}],"curies":[{"name":"wp","href":"https:\/\/api.w.org\/{rel}","templated":true}]}}