{"id":56126,"date":"2021-01-22T10:14:21","date_gmt":"2021-01-22T13:14:21","guid":{"rendered":"https:\/\/www.livrariarema.com.br\/loja\/produtos\/sem%20categoria\/lendo-timoteo-e-tito-com-john-stott-john-stott\/"},"modified":"2025-09-29T16:41:47","modified_gmt":"2025-09-29T19:41:47","slug":"lendo-timoteo-e-tito-com-john-stott-john-stott","status":"publish","type":"product","link":"https:\/\/www.livrariarema.com.br\/loja\/produtos\/livros\/estudo-biblico\/lendo-timoteo-e-tito-com-john-stott-john-stott\/","title":{"rendered":"Lendo Tim\u00f3teo E Tito Com John Stott &#8211; John Stott"},"content":{"rendered":"<p>A s\u00e9rie &#8220;Lendo a B\u00edblia com John Stott&#8221; apresenta aos novos leitores n\u00e3o apenas as riquezas de sua exposi\u00e7\u00e3o b\u00edblica, mas certamente tamb\u00e9m as riquezas da palavra de Deus que eles ainda n\u00e3o conhecem.<\/p>\n<p>Lendo o Serm\u00e3o do Monte com John Stott pode tamb\u00e9m ser usado como leitura di\u00e1ria. Ao final de cada cap\u00edtulo, o leitor encontra orienta\u00e7\u00f5es para l\u00edderes, al\u00e9m de um guia de estudo para uso individual ou em grupo.<\/p>\n","protected":false},"excerpt":{"rendered":"<p>A s\u00e9rie &#8220;Lendo a B\u00edblia com John Stott&#8221; apresenta aos novos leitores n\u00e3o apenas as riquezas de sua exposi\u00e7\u00e3o b\u00edblica,&hellip;<\/p>\n","protected":false},"featured_media":338729,"comment_status":"open","ping_status":"closed","template":"","meta":[],"product_cat":[161,134],"product_tag":[],"_links":{"self":[{"href":"https:\/\/www.livrariarema.com.br\/loja\/wp-json\/wp\/v2\/product\/56126"}],"collection":[{"href":"https:\/\/www.livrariarema.com.br\/loja\/wp-json\/wp\/v2\/product"}],"about":[{"href":"https:\/\/www.livrariarema.com.br\/loja\/wp-json\/wp\/v2\/types\/product"}],"replies":[{"embeddable":true,"href":"https:\/\/www.livrariarema.com.br\/loja\/wp-json\/wp\/v2\/comments?post=56126"}],"wp:featuredmedia":[{"embeddable":true,"href":"https:\/\/www.livrariarema.com.br\/loja\/wp-json\/wp\/v2\/media\/338729"}],"wp:attachment":[{"href":"https:\/\/www.livrariarema.com.br\/loja\/wp-json\/wp\/v2\/media?parent=56126"}],"wp:term":[{"taxonomy":"product_cat","embeddable":true,"href":"https:\/\/www.livrariarema.com.br\/loja\/wp-json\/wp\/v2\/product_cat?post=56126"},{"taxonomy":"product_tag","embeddable":true,"href":"https:\/\/www.livrariarema.com.br\/loja\/wp-json\/wp\/v2\/product_tag?post=56126"}],"curies":[{"name":"wp","href":"https:\/\/api.w.org\/{rel}","templated":true}]}}