{"id":56137,"date":"2021-01-22T10:14:49","date_gmt":"2021-01-22T13:14:49","guid":{"rendered":"https:\/\/www.livrariarema.com.br\/loja\/produtos\/sem%20categoria\/bandeja-34-calices-aluminio\/"},"modified":"2026-03-02T10:40:20","modified_gmt":"2026-03-02T13:40:20","slug":"bandeja-34-calices-aluminio","status":"publish","type":"product","link":"https:\/\/www.livrariarema.com.br\/loja\/produtos\/diversos\/bandeja-estojo-ceia\/bandeja-34-calices-aluminio\/","title":{"rendered":"Bandeja 34 C\u00e1lices &#8211; Alum\u00ednio"},"content":{"rendered":"<p>Bandeja em alum\u00ednio com suporte dos c\u00e1lices em alum\u00ednio<\/p>\n<p>Cont\u00e9m: 1 bandeja + 1 tampa + 1 suporte de c\u00e1lices + 34 c\u00e1lices<\/p>\n","protected":false},"excerpt":{"rendered":"<p>Bandeja em alum\u00ednio com suporte dos c\u00e1lices em alum\u00ednio Cont\u00e9m: 1 bandeja + 1 tampa + 1 suporte de c\u00e1lices&hellip;<\/p>\n","protected":false},"featured_media":342659,"comment_status":"open","ping_status":"closed","template":"","meta":[],"product_cat":[213,132],"product_tag":[],"_links":{"self":[{"href":"https:\/\/www.livrariarema.com.br\/loja\/wp-json\/wp\/v2\/product\/56137"}],"collection":[{"href":"https:\/\/www.livrariarema.com.br\/loja\/wp-json\/wp\/v2\/product"}],"about":[{"href":"https:\/\/www.livrariarema.com.br\/loja\/wp-json\/wp\/v2\/types\/product"}],"replies":[{"embeddable":true,"href":"https:\/\/www.livrariarema.com.br\/loja\/wp-json\/wp\/v2\/comments?post=56137"}],"wp:featuredmedia":[{"embeddable":true,"href":"https:\/\/www.livrariarema.com.br\/loja\/wp-json\/wp\/v2\/media\/342659"}],"wp:attachment":[{"href":"https:\/\/www.livrariarema.com.br\/loja\/wp-json\/wp\/v2\/media?parent=56137"}],"wp:term":[{"taxonomy":"product_cat","embeddable":true,"href":"https:\/\/www.livrariarema.com.br\/loja\/wp-json\/wp\/v2\/product_cat?post=56137"},{"taxonomy":"product_tag","embeddable":true,"href":"https:\/\/www.livrariarema.com.br\/loja\/wp-json\/wp\/v2\/product_tag?post=56137"}],"curies":[{"name":"wp","href":"https:\/\/api.w.org\/{rel}","templated":true}]}}