{"id":56268,"date":"2021-01-22T10:18:41","date_gmt":"2021-01-22T13:18:41","guid":{"rendered":"https:\/\/www.livrariarema.com.br\/loja\/produtos\/sem%20categoria\/serie-estudando-a-palavra-1-corintios-1-9-mark-dever\/"},"modified":"2026-02-20T13:33:45","modified_gmt":"2026-02-20T16:33:45","slug":"serie-estudando-a-palavra-1-corintios-1-9-mark-dever","status":"publish","type":"product","link":"https:\/\/www.livrariarema.com.br\/loja\/produtos\/promocao\/livros-promocao\/serie-estudando-a-palavra-1-corintios-1-9-mark-dever\/","title":{"rendered":"S\u00e9rie Estudando A Palavra &#8211; 1 Cor\u00edntios 1-9 &#8211; Mark Dever"},"content":{"rendered":"<p>&#8220;O problema da minha igreja \u00e9&#8230;&#8221;<br \/>\nComo voc\u00ea terminaria a frase?<\/p>\n<p>Se voc\u00ea \u00e9 membro de alguma igreja, certamente tem bons motivos para estar decepcionado ou frustrado. E, se voc\u00ea conversar com quem n\u00e3o frequenta nenhuma igreja, n\u00e3o ser\u00e1 dif\u00edcil perceber desinteresse e at\u00e9 mesmo antipatia diante da ideia de pertencer a uma comunidade de crist\u00e3os.<\/p>\n<p>Esse cen\u00e1rio n\u00e3o causa surpresa. As igrejas dizem ter a melhor hist\u00f3ria do mundo, alardeiam que t\u00eam as respostas para todos os problemas e, mesmo assim, n\u00e3o agem como se essas afirma\u00e7\u00f5es fossem verdadeiras. Somos r\u00edgidos demais em rela\u00e7\u00e3o a assuntos insignificantes e damos pouca import\u00e2ncia \u00e0queles que de fato importam. Defendemos nossos interesses e com frequ\u00eancia, ao fazer isso, ignoramos a Deus.<\/p>\n<p>Assim era a igreja de Corinto, no primeiro s\u00e9culo. Uma igreja nova, confiante, cheia de vida e repleta de problemas. O que Deus diria aos membros dessa igreja? O que precisavam escutar e aprender? Como deveriam viver e trabalhar em conjunto, como povo de Deus?<\/p>\n<p>Os sete estudos deste volume da S\u00e9rie Estudando a Palavra desvendam os nove primeiros cap\u00edtulos da Primeira Carta de Paulo aos Cor\u00edntios e contextualiza as s\u00faplicas, defesas, advert\u00eancias, cr\u00edticas, respostas e explica\u00e7\u00f5es do ap\u00f3stolo. Este livro ajudar\u00e1 grupos de estudo e indiv\u00edduos a compreender a mensagem que Deus tinha para essa igreja &#8211; uma mensagem que Deus ainda deseja comunicar \u00e0 igreja de hoje.<\/p>\n","protected":false},"excerpt":{"rendered":"<p>&#8220;O problema da minha igreja \u00e9&#8230;&#8221; Como voc\u00ea terminaria a frase? Se voc\u00ea \u00e9 membro de alguma igreja, certamente tem&hellip;<\/p>\n","protected":false},"featured_media":345076,"comment_status":"open","ping_status":"closed","template":"","meta":[],"product_cat":[143,142],"product_tag":[],"_links":{"self":[{"href":"https:\/\/www.livrariarema.com.br\/loja\/wp-json\/wp\/v2\/product\/56268"}],"collection":[{"href":"https:\/\/www.livrariarema.com.br\/loja\/wp-json\/wp\/v2\/product"}],"about":[{"href":"https:\/\/www.livrariarema.com.br\/loja\/wp-json\/wp\/v2\/types\/product"}],"replies":[{"embeddable":true,"href":"https:\/\/www.livrariarema.com.br\/loja\/wp-json\/wp\/v2\/comments?post=56268"}],"wp:featuredmedia":[{"embeddable":true,"href":"https:\/\/www.livrariarema.com.br\/loja\/wp-json\/wp\/v2\/media\/345076"}],"wp:attachment":[{"href":"https:\/\/www.livrariarema.com.br\/loja\/wp-json\/wp\/v2\/media?parent=56268"}],"wp:term":[{"taxonomy":"product_cat","embeddable":true,"href":"https:\/\/www.livrariarema.com.br\/loja\/wp-json\/wp\/v2\/product_cat?post=56268"},{"taxonomy":"product_tag","embeddable":true,"href":"https:\/\/www.livrariarema.com.br\/loja\/wp-json\/wp\/v2\/product_tag?post=56268"}],"curies":[{"name":"wp","href":"https:\/\/api.w.org\/{rel}","templated":true}]}}