{"id":56455,"date":"2021-01-22T10:24:55","date_gmt":"2021-01-22T13:24:55","guid":{"rendered":"https:\/\/www.livrariarema.com.br\/loja\/produtos\/sem%20categoria\/homem-que-deus-usa-o-a-w-tozer-c-h-spurgeon-watchman-nee\/"},"modified":"2026-04-24T12:40:17","modified_gmt":"2026-04-24T15:40:17","slug":"homem-que-deus-usa-o-a-w-tozer-c-h-spurgeon-watchman-nee","status":"publish","type":"product","link":"https:\/\/www.livrariarema.com.br\/loja\/produtos\/livros\/crescimento-espiritual\/homem-que-deus-usa-o-a-w-tozer-c-h-spurgeon-watchman-nee\/","title":{"rendered":"Homem Que Deus Usa, O &#8211; A. W. Tozer , C. H. Spurgeon, Watchman Nee"},"content":{"rendered":"<p>Preocupados com a nova gera\u00e7\u00e3o dos que desejam servir ao Senhor e em encorajar os que j\u00e1 pegaram no arado, esta obra visa descortinar os bastidores do treinamento daqueles que tiveram minist\u00e9rios ungidos e frut\u00edferos.<\/p>\n<p>O Homem que Deus Usa \u00e9 uma colet\u00e2nea de tesouros espirituais que formam uma impressionante unidade. Sua leitura revela o caminho estreito a ser percorrido por aqueles que desejam conhecer ao Senhor em profundidade e serem usados por Ele, bem como os perigos e dificuldades que ser\u00e3o encontrados.<\/p>\n<p>Stephen Kaung, Charles Spurgeon, Watchman Nee, C. A. Coates, T. Austin-Sparks, Hebert L. Roush, A. W. Tozer e um Autor Desconhecido nos encorajar\u00e3o a trilhar um n\u00edvel mais alto do chamamento celestial, sob a tutoria do Esp\u00edrito Santo.<\/p>\n<p>Ingressemos, por Sua gra\u00e7a e miseric\u00f3rdia, na escola do Crucificado. Afinal, &#8220;. s\u00f3 temos uma vida para viver, e nada poderia ser mais tr\u00e1gico do que chegar ao fim dela sabendo que o caminho que tomamos foi o errado&#8221; (Watchman Nee)<\/p>\n","protected":false},"excerpt":{"rendered":"<p>Preocupados com a nova gera\u00e7\u00e3o dos que desejam servir ao Senhor e em encorajar os que j\u00e1 pegaram no arado,&hellip;<\/p>\n","protected":false},"featured_media":338871,"comment_status":"open","ping_status":"closed","template":"","meta":[],"product_cat":[147,134],"product_tag":[],"_links":{"self":[{"href":"https:\/\/www.livrariarema.com.br\/loja\/wp-json\/wp\/v2\/product\/56455"}],"collection":[{"href":"https:\/\/www.livrariarema.com.br\/loja\/wp-json\/wp\/v2\/product"}],"about":[{"href":"https:\/\/www.livrariarema.com.br\/loja\/wp-json\/wp\/v2\/types\/product"}],"replies":[{"embeddable":true,"href":"https:\/\/www.livrariarema.com.br\/loja\/wp-json\/wp\/v2\/comments?post=56455"}],"wp:featuredmedia":[{"embeddable":true,"href":"https:\/\/www.livrariarema.com.br\/loja\/wp-json\/wp\/v2\/media\/338871"}],"wp:attachment":[{"href":"https:\/\/www.livrariarema.com.br\/loja\/wp-json\/wp\/v2\/media?parent=56455"}],"wp:term":[{"taxonomy":"product_cat","embeddable":true,"href":"https:\/\/www.livrariarema.com.br\/loja\/wp-json\/wp\/v2\/product_cat?post=56455"},{"taxonomy":"product_tag","embeddable":true,"href":"https:\/\/www.livrariarema.com.br\/loja\/wp-json\/wp\/v2\/product_tag?post=56455"}],"curies":[{"name":"wp","href":"https:\/\/api.w.org\/{rel}","templated":true}]}}