{"id":56458,"date":"2021-01-22T10:25:00","date_gmt":"2021-01-22T13:25:00","guid":{"rendered":"https:\/\/www.livrariarema.com.br\/loja\/produtos\/sem%20categoria\/aviva-a-tua-obra-charles-spurgeon\/"},"modified":"2026-01-16T18:31:30","modified_gmt":"2026-01-16T21:31:30","slug":"aviva-a-tua-obra-charles-spurgeon","status":"publish","type":"product","link":"https:\/\/www.livrariarema.com.br\/loja\/produtos\/livros\/ministerio\/aviva-a-tua-obra-charles-spurgeon\/","title":{"rendered":"Aviva A Tua Obra &#8211; Charles Spurgeon"},"content":{"rendered":"<p>Embora com Charles Spurgeon, reconhecido como o pr\u00edncipe dos pregadores do s\u00e9culo 19, tenha irrompido um avivamento pela prega\u00e7\u00e3o do Evangelho, lamentavelmente ele presenciou o sutil surgimento de esfriamento espiritual e se viu obrigado a pregar o Evangelho aos crist\u00e3os, advertindo-os contra a apostasia.<\/p>\n<p>Uma s\u00e9ria advert\u00eancia aos presun\u00e7osos e contra a mornid\u00e3o, perseveran\u00e7a na santidade, a vigil\u00e2ncia que o ministro deve ter de si mesmo e a despedida do ministro s\u00e3o as mensagens que comp\u00f5em esta obra e representam o minist\u00e9rio de Spurgeon como um profeta inflamado de zelo pela casa do Deus santo, convocando Seu povo ao arrependimento e ao retorno \u00e0 santidade, \u00e0 consagra\u00e7\u00e3o, ao fervor espiritual e a se preparar como virgem pura para o encontro com o Noivo.<\/p>\n<p>Como um atalaia, ele brada fortemente contra o liberalismo teol\u00f3gico, a libertinagem moral e o surgimento de falsos obreiros. Sua severidade no combate \u00e0 iniquidade no minist\u00e9rio revela sua autoridade e firmeza contra a degrada\u00e7\u00e3o dos p\u00falpitos e o falso evangelho.<\/p>\n<p>A un\u00e7\u00e3o extraordin\u00e1ria concedida por Deus a Spurgeon foi tamanha que ainda hoje seu minist\u00e9rio exerce enorme influ\u00eancia entre os crist\u00e3os e lideran\u00e7as ao redor do mundo.<\/p>\n<p>Fica evidente que seu clamor a Deus era &#8220;Aviva a Tua Obra&#8221;, e as advert\u00eancias desse profeta s\u00e3o extremamente necess\u00e1rias para os nossos dias.<\/p>\n","protected":false},"excerpt":{"rendered":"<p>Embora com Charles Spurgeon, reconhecido como o pr\u00edncipe dos pregadores do s\u00e9culo 19, tenha irrompido um avivamento pela prega\u00e7\u00e3o do&hellip;<\/p>\n","protected":false},"featured_media":338873,"comment_status":"open","ping_status":"closed","template":"","meta":[],"product_cat":[134,148],"product_tag":[],"_links":{"self":[{"href":"https:\/\/www.livrariarema.com.br\/loja\/wp-json\/wp\/v2\/product\/56458"}],"collection":[{"href":"https:\/\/www.livrariarema.com.br\/loja\/wp-json\/wp\/v2\/product"}],"about":[{"href":"https:\/\/www.livrariarema.com.br\/loja\/wp-json\/wp\/v2\/types\/product"}],"replies":[{"embeddable":true,"href":"https:\/\/www.livrariarema.com.br\/loja\/wp-json\/wp\/v2\/comments?post=56458"}],"wp:featuredmedia":[{"embeddable":true,"href":"https:\/\/www.livrariarema.com.br\/loja\/wp-json\/wp\/v2\/media\/338873"}],"wp:attachment":[{"href":"https:\/\/www.livrariarema.com.br\/loja\/wp-json\/wp\/v2\/media?parent=56458"}],"wp:term":[{"taxonomy":"product_cat","embeddable":true,"href":"https:\/\/www.livrariarema.com.br\/loja\/wp-json\/wp\/v2\/product_cat?post=56458"},{"taxonomy":"product_tag","embeddable":true,"href":"https:\/\/www.livrariarema.com.br\/loja\/wp-json\/wp\/v2\/product_tag?post=56458"}],"curies":[{"name":"wp","href":"https:\/\/api.w.org\/{rel}","templated":true}]}}