{"id":56477,"date":"2021-01-22T10:25:31","date_gmt":"2021-01-22T13:25:31","guid":{"rendered":"https:\/\/www.livrariarema.com.br\/loja\/produtos\/sem%20categoria\/imperio-das-seitas-o-vol-1-walter-martin\/"},"modified":"2025-12-02T19:03:32","modified_gmt":"2025-12-02T22:03:32","slug":"imperio-das-seitas-o-vol-1-walter-martin","status":"publish","type":"product","link":"https:\/\/www.livrariarema.com.br\/loja\/produtos\/livros\/seitas-heresias\/imperio-das-seitas-o-vol-1-walter-martin\/","title":{"rendered":"Imp\u00e9rio Das Seitas, O &#8211; Vol. 1 &#8211; Walter Martin"},"content":{"rendered":"<p>O QUE CARACTERIZA UMA SEITA HER\u00c9TICA?<\/p>\n<p>Jesus sabia que nos \u00faltimos tempos surgiriam falsos cristos, falsos mestres e falsos profetas, que enganariam a muitos. &#8220;Vede que ningu\u00e9m vos engane.&#8221; advertiu ele.<\/p>\n<p>Voc\u00ea saberia reconhec\u00ea-los?<\/p>\n<p>Como discernir o ensino falso do verdadeiro?<\/p>\n<p>Por que as seitas se alastram rapidamente?<\/p>\n<p>Como evangelizar quem est\u00e1 preso a uma delas?<\/p>\n<p>O Imp\u00e9rio das Seitas \u00e9 uma obra reconhecida internacionalmente como o que h\u00e1 de melhor no assunto. Sem sacrificar a exatid\u00e3o acad\u00eamica de suas pesquisas, o Dr. Walter Martin escreve de maneira clara e interessante, examinando cada seita sob tr\u00eas prismas:<\/p>\n<p>An\u00e1lise hist\u00f3rica do seu surgimento,<br \/>\nExame teol\u00f3gico acurado dos principais ensinos,<br \/>\nCompara\u00e7\u00e3o entre eles e o ensino b\u00edblico, com \u00eanfase na exegese<\/p>\n<p>Dividida em volumes menores para facilitar a aquisi\u00e7\u00e3o e o manuseio, O Imp\u00e9rio das Seitas \u00e9 uma obra de refer\u00eancia de valor inestim\u00e1vel tanto para o obreiro quanto para o leigo.<\/p>\n<p>Conferencista internacional com quatro doutorados, o Dr. Walter Martin \u00e9 reconhecido como um dos grandes apologistas da f\u00e9 crist\u00e3 em nossos dias. Foi tamb\u00e9m o fundador do Instituto Crist\u00e3o de pesquisas, organiza\u00e7\u00e3o que dirigiu at\u00e9 a sua morte em 1989.<\/p>\n","protected":false},"excerpt":{"rendered":"<p>O QUE CARACTERIZA UMA SEITA HER\u00c9TICA? Jesus sabia que nos \u00faltimos tempos surgiriam falsos cristos, falsos mestres e falsos profetas,&hellip;<\/p>\n","protected":false},"featured_media":330901,"comment_status":"open","ping_status":"closed","template":"","meta":[],"product_cat":[134,163],"product_tag":[],"_links":{"self":[{"href":"https:\/\/www.livrariarema.com.br\/loja\/wp-json\/wp\/v2\/product\/56477"}],"collection":[{"href":"https:\/\/www.livrariarema.com.br\/loja\/wp-json\/wp\/v2\/product"}],"about":[{"href":"https:\/\/www.livrariarema.com.br\/loja\/wp-json\/wp\/v2\/types\/product"}],"replies":[{"embeddable":true,"href":"https:\/\/www.livrariarema.com.br\/loja\/wp-json\/wp\/v2\/comments?post=56477"}],"wp:featuredmedia":[{"embeddable":true,"href":"https:\/\/www.livrariarema.com.br\/loja\/wp-json\/wp\/v2\/media\/330901"}],"wp:attachment":[{"href":"https:\/\/www.livrariarema.com.br\/loja\/wp-json\/wp\/v2\/media?parent=56477"}],"wp:term":[{"taxonomy":"product_cat","embeddable":true,"href":"https:\/\/www.livrariarema.com.br\/loja\/wp-json\/wp\/v2\/product_cat?post=56477"},{"taxonomy":"product_tag","embeddable":true,"href":"https:\/\/www.livrariarema.com.br\/loja\/wp-json\/wp\/v2\/product_tag?post=56477"}],"curies":[{"name":"wp","href":"https:\/\/api.w.org\/{rel}","templated":true}]}}