{"id":56481,"date":"2021-01-22T10:25:39","date_gmt":"2021-01-22T13:25:39","guid":{"rendered":"https:\/\/www.livrariarema.com.br\/loja\/produtos\/sem%20categoria\/imperio-das-seitas-o-vol-3-walter-martin\/"},"modified":"2025-05-20T10:25:38","modified_gmt":"2025-05-20T13:25:38","slug":"imperio-das-seitas-o-vol-3-walter-martin","status":"publish","type":"product","link":"https:\/\/www.livrariarema.com.br\/loja\/produtos\/livros\/seitas-heresias\/imperio-das-seitas-o-vol-3-walter-martin\/","title":{"rendered":"Imp\u00e9rio Das Seitas, O &#8211; Vol. 3 &#8211; Walter Martin"},"content":{"rendered":"<p>O Imp\u00e9rio das Seitas \u00e9 uma obra reconhecida internacionamente como o que h\u00e1 de melhor no assunto. Sem sacrificar a exatid\u00e3o acad\u00eamica de suas pesquisas, o Dr. Walter Martin escreve de maneira clara e interessante, examinando cada seita sobre tr\u00eas prismas: <\/p>\n<p>*An\u00e1lise hist\u00f3rica do seu surgimento.<br \/>\n*Exame teol\u00f3gico acurado dos principais ensinos.<br \/>\n*Compara\u00e7\u00e3o entre eles e o ensino b\u00edblico, com \u00eanfase na exegese e na doutrina.<\/p>\n","protected":false},"excerpt":{"rendered":"<p>O Imp\u00e9rio das Seitas \u00e9 uma obra reconhecida internacionamente como o que h\u00e1 de melhor no assunto. Sem sacrificar a&hellip;<\/p>\n","protected":false},"featured_media":331333,"comment_status":"open","ping_status":"closed","template":"","meta":[],"product_cat":[134,163],"product_tag":[],"_links":{"self":[{"href":"https:\/\/www.livrariarema.com.br\/loja\/wp-json\/wp\/v2\/product\/56481"}],"collection":[{"href":"https:\/\/www.livrariarema.com.br\/loja\/wp-json\/wp\/v2\/product"}],"about":[{"href":"https:\/\/www.livrariarema.com.br\/loja\/wp-json\/wp\/v2\/types\/product"}],"replies":[{"embeddable":true,"href":"https:\/\/www.livrariarema.com.br\/loja\/wp-json\/wp\/v2\/comments?post=56481"}],"wp:featuredmedia":[{"embeddable":true,"href":"https:\/\/www.livrariarema.com.br\/loja\/wp-json\/wp\/v2\/media\/331333"}],"wp:attachment":[{"href":"https:\/\/www.livrariarema.com.br\/loja\/wp-json\/wp\/v2\/media?parent=56481"}],"wp:term":[{"taxonomy":"product_cat","embeddable":true,"href":"https:\/\/www.livrariarema.com.br\/loja\/wp-json\/wp\/v2\/product_cat?post=56481"},{"taxonomy":"product_tag","embeddable":true,"href":"https:\/\/www.livrariarema.com.br\/loja\/wp-json\/wp\/v2\/product_tag?post=56481"}],"curies":[{"name":"wp","href":"https:\/\/api.w.org\/{rel}","templated":true}]}}