{"id":56487,"date":"2021-01-22T10:25:50","date_gmt":"2021-01-22T13:25:50","guid":{"rendered":"https:\/\/www.livrariarema.com.br\/loja\/produtos\/sem%20categoria\/serie-cris-vol-1-a-12-box-completo-robin-jones-gunn\/"},"modified":"2025-12-02T17:03:19","modified_gmt":"2025-12-02T20:03:19","slug":"serie-cris-vol-1-a-12-box-completo-robin-jones-gunn","status":"publish","type":"product","link":"https:\/\/www.livrariarema.com.br\/loja\/produtos\/livros\/juvenil\/serie-cris-vol-1-a-12-box-completo-robin-jones-gunn\/","title":{"rendered":"S\u00e9rie Cris &#8211; Vol 1 A 12 &#8211; Box Completo &#8211; Robin Jones Gunn"},"content":{"rendered":"<p>Namoro, viagens, amigos, emo\u00e7\u00e3o, romance, novas descobertas. Tudo isso numa s\u00e9rie que tem tudo a ver com os jovens e adolescentes. S\u00e3o doze volumes, cada um com uma hist\u00f3ria completa, cheios de exemplos para levar Jesus a s\u00e9rio.<\/p>\n<p>Volumes presentes nesta s\u00e9rie:<br \/>\nPromessa de Ver\u00e3o &#8211; Cris Vol. 1<br \/>\nSegredos e Surpresas &#8211; Cris Vol. 2<br \/>\nSeu para Sempre &#8211; Cris Vol. 3<br \/>\nCoisas do Cora\u00e7\u00e3o &#8211; Cris Vol. 4<br \/>\nA Ilha dos Sonhos &#8211; Cris Vol. 5<br \/>\nUm Brilho de Esperan\u00e7a &#8211; Cris Vol. 6<br \/>\nAmigas Para Valer &#8211; Cris Vol. 7<br \/>\nNoite Estrelada &#8211; Cris Vol. 8<br \/>\nO Amor pode Esperar &#8211; Cris Vol. 9<br \/>\nTempo de Amar &#8211; Cris Vol. 10<br \/>\nCora\u00e7\u00e3o Partido &#8211; Cris Vol. 11<br \/>\nUma Promessa \u00e9 para Sempre &#8211; Cris Vol. 12<\/p>\n","protected":false},"excerpt":{"rendered":"<p>Namoro, viagens, amigos, emo\u00e7\u00e3o, romance, novas descobertas. Tudo isso numa s\u00e9rie que tem tudo a ver com os jovens e&hellip;<\/p>\n","protected":false},"featured_media":341520,"comment_status":"open","ping_status":"closed","template":"","meta":[],"product_cat":[184,134],"product_tag":[],"_links":{"self":[{"href":"https:\/\/www.livrariarema.com.br\/loja\/wp-json\/wp\/v2\/product\/56487"}],"collection":[{"href":"https:\/\/www.livrariarema.com.br\/loja\/wp-json\/wp\/v2\/product"}],"about":[{"href":"https:\/\/www.livrariarema.com.br\/loja\/wp-json\/wp\/v2\/types\/product"}],"replies":[{"embeddable":true,"href":"https:\/\/www.livrariarema.com.br\/loja\/wp-json\/wp\/v2\/comments?post=56487"}],"wp:featuredmedia":[{"embeddable":true,"href":"https:\/\/www.livrariarema.com.br\/loja\/wp-json\/wp\/v2\/media\/341520"}],"wp:attachment":[{"href":"https:\/\/www.livrariarema.com.br\/loja\/wp-json\/wp\/v2\/media?parent=56487"}],"wp:term":[{"taxonomy":"product_cat","embeddable":true,"href":"https:\/\/www.livrariarema.com.br\/loja\/wp-json\/wp\/v2\/product_cat?post=56487"},{"taxonomy":"product_tag","embeddable":true,"href":"https:\/\/www.livrariarema.com.br\/loja\/wp-json\/wp\/v2\/product_tag?post=56487"}],"curies":[{"name":"wp","href":"https:\/\/api.w.org\/{rel}","templated":true}]}}