{"id":56489,"date":"2021-01-22T10:25:54","date_gmt":"2021-01-22T13:25:54","guid":{"rendered":"https:\/\/www.livrariarema.com.br\/loja\/produtos\/sem%20categoria\/serie-cris-vol-1-promessa-de-verao-robin-jones-gunn\/"},"modified":"2026-04-28T12:55:23","modified_gmt":"2026-04-28T15:55:23","slug":"serie-cris-vol-1-promessa-de-verao-robin-jones-gunn","status":"publish","type":"product","link":"https:\/\/www.livrariarema.com.br\/loja\/produtos\/livros\/juvenil\/serie-cris-vol-1-promessa-de-verao-robin-jones-gunn\/","title":{"rendered":"S\u00e9rie Cris &#8211; Vol 1 &#8211; Promessa De Ver\u00e3o &#8211; Robin Jones Gunn"},"content":{"rendered":"<p>Ela saiu para passar as f\u00e9rias na Calif\u00f3rnia. E que f\u00e9rias! Passeios em praias maravilhosas, restaurantes, compras no shopping e uma transforma\u00e7\u00e3o no visual. Nada que lembrasse aquela vidinha sem gra\u00e7a do interior.<br \/>\nFoi essa onda de mudan\u00e7as radicais que levou Cristina Miller ao encontro de uma incr\u00edvel &#8220;Promessa de Ver\u00e3o&#8221;.<\/p>\n","protected":false},"excerpt":{"rendered":"<p>Ela saiu para passar as f\u00e9rias na Calif\u00f3rnia. E que f\u00e9rias! Passeios em praias maravilhosas, restaurantes, compras no shopping e&hellip;<\/p>\n","protected":false},"featured_media":347462,"comment_status":"open","ping_status":"closed","template":"","meta":[],"product_cat":[184,134],"product_tag":[],"_links":{"self":[{"href":"https:\/\/www.livrariarema.com.br\/loja\/wp-json\/wp\/v2\/product\/56489"}],"collection":[{"href":"https:\/\/www.livrariarema.com.br\/loja\/wp-json\/wp\/v2\/product"}],"about":[{"href":"https:\/\/www.livrariarema.com.br\/loja\/wp-json\/wp\/v2\/types\/product"}],"replies":[{"embeddable":true,"href":"https:\/\/www.livrariarema.com.br\/loja\/wp-json\/wp\/v2\/comments?post=56489"}],"wp:featuredmedia":[{"embeddable":true,"href":"https:\/\/www.livrariarema.com.br\/loja\/wp-json\/wp\/v2\/media\/347462"}],"wp:attachment":[{"href":"https:\/\/www.livrariarema.com.br\/loja\/wp-json\/wp\/v2\/media?parent=56489"}],"wp:term":[{"taxonomy":"product_cat","embeddable":true,"href":"https:\/\/www.livrariarema.com.br\/loja\/wp-json\/wp\/v2\/product_cat?post=56489"},{"taxonomy":"product_tag","embeddable":true,"href":"https:\/\/www.livrariarema.com.br\/loja\/wp-json\/wp\/v2\/product_tag?post=56489"}],"curies":[{"name":"wp","href":"https:\/\/api.w.org\/{rel}","templated":true}]}}