{"id":56509,"date":"2021-01-22T10:26:32","date_gmt":"2021-01-22T13:26:32","guid":{"rendered":"https:\/\/www.livrariarema.com.br\/loja\/produtos\/sem%20categoria\/serie-cris-vol-11-coracao-partido-robin-jones-gunn\/"},"modified":"2025-05-09T13:19:08","modified_gmt":"2025-05-09T16:19:08","slug":"serie-cris-vol-11-coracao-partido-robin-jones-gunn","status":"publish","type":"product","link":"https:\/\/www.livrariarema.com.br\/loja\/produtos\/livros\/juvenil\/serie-cris-vol-11-coracao-partido-robin-jones-gunn\/","title":{"rendered":"S\u00e9rie Cris &#8211; Vol 11 &#8211; Cora\u00e7\u00e3o Partido &#8211; Robin Jones Gunn"},"content":{"rendered":"<p>Cris est\u00e1 super animada com a chegada do final do seu \u00faltimo ano escolar. Al\u00e9m da expectativa que antecede a formatura, seu namoro com o Ted a deixa mais confiante em rela\u00e7\u00e3o ao futuro. Mas as mesmas experi\u00eancias que est\u00e3o fazendo a felicidade de Cris, podem tamb\u00e9m deix\u00e1-la com o &#8220;Cora\u00e7\u00e3o Partido&#8221;.<\/p>\n","protected":false},"excerpt":{"rendered":"<p>Cris est\u00e1 super animada com a chegada do final do seu \u00faltimo ano escolar. Al\u00e9m da expectativa que antecede a&hellip;<\/p>\n","protected":false},"featured_media":330914,"comment_status":"open","ping_status":"closed","template":"","meta":[],"product_cat":[184,134],"product_tag":[],"_links":{"self":[{"href":"https:\/\/www.livrariarema.com.br\/loja\/wp-json\/wp\/v2\/product\/56509"}],"collection":[{"href":"https:\/\/www.livrariarema.com.br\/loja\/wp-json\/wp\/v2\/product"}],"about":[{"href":"https:\/\/www.livrariarema.com.br\/loja\/wp-json\/wp\/v2\/types\/product"}],"replies":[{"embeddable":true,"href":"https:\/\/www.livrariarema.com.br\/loja\/wp-json\/wp\/v2\/comments?post=56509"}],"wp:featuredmedia":[{"embeddable":true,"href":"https:\/\/www.livrariarema.com.br\/loja\/wp-json\/wp\/v2\/media\/330914"}],"wp:attachment":[{"href":"https:\/\/www.livrariarema.com.br\/loja\/wp-json\/wp\/v2\/media?parent=56509"}],"wp:term":[{"taxonomy":"product_cat","embeddable":true,"href":"https:\/\/www.livrariarema.com.br\/loja\/wp-json\/wp\/v2\/product_cat?post=56509"},{"taxonomy":"product_tag","embeddable":true,"href":"https:\/\/www.livrariarema.com.br\/loja\/wp-json\/wp\/v2\/product_tag?post=56509"}],"curies":[{"name":"wp","href":"https:\/\/api.w.org\/{rel}","templated":true}]}}