{"id":56511,"date":"2021-01-22T10:26:36","date_gmt":"2021-01-22T13:26:36","guid":{"rendered":"https:\/\/www.livrariarema.com.br\/loja\/produtos\/sem%20categoria\/serie-cris-vol-12-uma-promessa-e-para-sempre-robin-jones-gunn\/"},"modified":"2025-05-09T13:19:14","modified_gmt":"2025-05-09T16:19:14","slug":"serie-cris-vol-12-uma-promessa-e-para-sempre-robin-jones-gunn","status":"publish","type":"product","link":"https:\/\/www.livrariarema.com.br\/loja\/produtos\/livros\/juvenil\/serie-cris-vol-12-uma-promessa-e-para-sempre-robin-jones-gunn\/","title":{"rendered":"S\u00e9rie Cris &#8211; Vol 12 &#8211; Uma Promessa \u00c9 Para Sempre &#8211; Robin Jones Gunn"},"content":{"rendered":"<p>Uma viagem \u00e0 Inglaterra para um treinamento mission\u00e1rio, a descoberta de novos amigos e o in\u00edcio de um namoro com o rapaz que sempre foi apaixonado por ela, levam Cris a reconhecer que &#8220;Uma promessa \u00e9 para Sempre&#8221;.<\/p>\n","protected":false},"excerpt":{"rendered":"<p>Uma viagem \u00e0 Inglaterra para um treinamento mission\u00e1rio, a descoberta de novos amigos e o in\u00edcio de um namoro com&hellip;<\/p>\n","protected":false},"featured_media":330915,"comment_status":"open","ping_status":"closed","template":"","meta":[],"product_cat":[184,134],"product_tag":[],"_links":{"self":[{"href":"https:\/\/www.livrariarema.com.br\/loja\/wp-json\/wp\/v2\/product\/56511"}],"collection":[{"href":"https:\/\/www.livrariarema.com.br\/loja\/wp-json\/wp\/v2\/product"}],"about":[{"href":"https:\/\/www.livrariarema.com.br\/loja\/wp-json\/wp\/v2\/types\/product"}],"replies":[{"embeddable":true,"href":"https:\/\/www.livrariarema.com.br\/loja\/wp-json\/wp\/v2\/comments?post=56511"}],"wp:featuredmedia":[{"embeddable":true,"href":"https:\/\/www.livrariarema.com.br\/loja\/wp-json\/wp\/v2\/media\/330915"}],"wp:attachment":[{"href":"https:\/\/www.livrariarema.com.br\/loja\/wp-json\/wp\/v2\/media?parent=56511"}],"wp:term":[{"taxonomy":"product_cat","embeddable":true,"href":"https:\/\/www.livrariarema.com.br\/loja\/wp-json\/wp\/v2\/product_cat?post=56511"},{"taxonomy":"product_tag","embeddable":true,"href":"https:\/\/www.livrariarema.com.br\/loja\/wp-json\/wp\/v2\/product_tag?post=56511"}],"curies":[{"name":"wp","href":"https:\/\/api.w.org\/{rel}","templated":true}]}}