{"id":56570,"date":"2021-01-22T10:28:16","date_gmt":"2021-01-22T13:28:16","guid":{"rendered":"https:\/\/www.livrariarema.com.br\/loja\/produtos\/sem%20categoria\/licoes-do-antigo-testamento-a-vida-de-jose-e-a-soberania-de-deus\/"},"modified":"2024-09-19T10:34:32","modified_gmt":"2024-09-19T13:34:32","slug":"licoes-do-antigo-testamento-a-vida-de-jose-e-a-soberania-de-deus","status":"publish","type":"product","link":"https:\/\/www.livrariarema.com.br\/loja\/produtos\/diversos\/flanelografo-e-cartazes\/licoes-do-antigo-testamento-a-vida-de-jose-e-a-soberania-de-deus\/","title":{"rendered":"Li\u00e7\u00f5es Do Antigo Testamento &#8211; A Vida De Jos\u00e9 E A Soberania De Deus"},"content":{"rendered":"<p>S\u00e9rie de 6 li\u00e7\u00f5es sobre a vida de Jos\u00e9 e a soberania de Deus para crian\u00e7as de 5 a 12 anos, com sugest\u00e3o para pr\u00e9-escolares.<BR><br \/>\nMaterial completo com orienta\u00e7\u00f5es para:<BR><br \/>\n&#8211; O preparo das li\u00e7\u00f5es<BR><br \/>\n&#8211; A memoriza\u00e7\u00e3o dos vers\u00edculos<BR><br \/>\n&#8211; O uso de c\u00e2nticos<BR><br \/>\n&#8211; As atividades de evangelismo, crescimento e revis\u00e3o.<BR><br \/>\n&#8211; O planejamento das aulas para crian\u00e7as do Ensino Fundamental e Pr\u00e9-escolares.<BR><\/p>\n","protected":false},"excerpt":{"rendered":"<p>S\u00e9rie de 6 li\u00e7\u00f5es sobre a vida de Jos\u00e9 e a soberania de Deus para crian\u00e7as de 5 a 12&hellip;<\/p>\n","protected":false},"featured_media":176135,"comment_status":"open","ping_status":"closed","template":"","meta":[],"product_cat":[132,133],"product_tag":[],"_links":{"self":[{"href":"https:\/\/www.livrariarema.com.br\/loja\/wp-json\/wp\/v2\/product\/56570"}],"collection":[{"href":"https:\/\/www.livrariarema.com.br\/loja\/wp-json\/wp\/v2\/product"}],"about":[{"href":"https:\/\/www.livrariarema.com.br\/loja\/wp-json\/wp\/v2\/types\/product"}],"replies":[{"embeddable":true,"href":"https:\/\/www.livrariarema.com.br\/loja\/wp-json\/wp\/v2\/comments?post=56570"}],"wp:featuredmedia":[{"embeddable":true,"href":"https:\/\/www.livrariarema.com.br\/loja\/wp-json\/wp\/v2\/media\/176135"}],"wp:attachment":[{"href":"https:\/\/www.livrariarema.com.br\/loja\/wp-json\/wp\/v2\/media?parent=56570"}],"wp:term":[{"taxonomy":"product_cat","embeddable":true,"href":"https:\/\/www.livrariarema.com.br\/loja\/wp-json\/wp\/v2\/product_cat?post=56570"},{"taxonomy":"product_tag","embeddable":true,"href":"https:\/\/www.livrariarema.com.br\/loja\/wp-json\/wp\/v2\/product_tag?post=56570"}],"curies":[{"name":"wp","href":"https:\/\/api.w.org\/{rel}","templated":true}]}}