{"id":56650,"date":"2021-01-22T10:33:41","date_gmt":"2021-01-22T13:33:41","guid":{"rendered":"https:\/\/www.livrariarema.com.br\/loja\/produtos\/sem%20categoria\/arc65-biblia-slim-pink\/"},"modified":"2025-09-16T16:18:21","modified_gmt":"2025-09-16T19:18:21","slug":"arc65-biblia-slim-pink","status":"publish","type":"product","link":"https:\/\/www.livrariarema.com.br\/loja\/produtos\/biblias\/revista-corrigida-biblias\/arc65-biblia-slim-pink\/","title":{"rendered":"Arc65 &#8211; Biblia Slim &#8211; Pink"},"content":{"rendered":"<p>Com texto b\u00edblico Almeida Revista e Corrigida, esta edi\u00e7\u00e3o da B\u00edblia Sagrada tem capa em couro sint\u00e9tico com delicadas flores, e \u00e9 uma excelente op\u00e7\u00e3o para o dia a dia da mulher crist\u00e3.<\/p>\n","protected":false},"excerpt":{"rendered":"<p>Com texto b\u00edblico Almeida Revista e Corrigida, esta edi\u00e7\u00e3o da B\u00edblia Sagrada tem capa em couro sint\u00e9tico com delicadas flores,&hellip;<\/p>\n","protected":false},"featured_media":336787,"comment_status":"open","ping_status":"closed","template":"","meta":[],"product_cat":[139,149],"product_tag":[],"_links":{"self":[{"href":"https:\/\/www.livrariarema.com.br\/loja\/wp-json\/wp\/v2\/product\/56650"}],"collection":[{"href":"https:\/\/www.livrariarema.com.br\/loja\/wp-json\/wp\/v2\/product"}],"about":[{"href":"https:\/\/www.livrariarema.com.br\/loja\/wp-json\/wp\/v2\/types\/product"}],"replies":[{"embeddable":true,"href":"https:\/\/www.livrariarema.com.br\/loja\/wp-json\/wp\/v2\/comments?post=56650"}],"wp:featuredmedia":[{"embeddable":true,"href":"https:\/\/www.livrariarema.com.br\/loja\/wp-json\/wp\/v2\/media\/336787"}],"wp:attachment":[{"href":"https:\/\/www.livrariarema.com.br\/loja\/wp-json\/wp\/v2\/media?parent=56650"}],"wp:term":[{"taxonomy":"product_cat","embeddable":true,"href":"https:\/\/www.livrariarema.com.br\/loja\/wp-json\/wp\/v2\/product_cat?post=56650"},{"taxonomy":"product_tag","embeddable":true,"href":"https:\/\/www.livrariarema.com.br\/loja\/wp-json\/wp\/v2\/product_tag?post=56650"}],"curies":[{"name":"wp","href":"https:\/\/api.w.org\/{rel}","templated":true}]}}