{"id":56697,"date":"2021-01-22T10:34:35","date_gmt":"2021-01-22T13:34:35","guid":{"rendered":"https:\/\/www.livrariarema.com.br\/loja\/produtos\/sem%20categoria\/ntlh045lg-biblia-letra-grande-pink\/"},"modified":"2026-03-25T14:15:05","modified_gmt":"2026-03-25T17:15:05","slug":"ntlh045lg-biblia-letra-grande-pink","status":"publish","type":"product","link":"https:\/\/www.livrariarema.com.br\/loja\/produtos\/biblias\/ntlh\/ntlh045lg-biblia-letra-grande-pink\/","title":{"rendered":"Ntlh045lg &#8211; B\u00edblia Letra Grande &#8211; Pink"},"content":{"rendered":"<p>Esta edi\u00e7\u00e3o da B\u00edblia Sagrada tem formato compacto e letra grande. \u00c9 ideal para quem busca conforto na leitura da Palavra de Deus e, ao mesmo tempo, praticidade no uso e transporte di\u00e1rios.<\/p>\n","protected":false},"excerpt":{"rendered":"<p>Esta edi\u00e7\u00e3o da B\u00edblia Sagrada tem formato compacto e letra grande. \u00c9 ideal para quem busca conforto na leitura da&hellip;<\/p>\n","protected":false},"featured_media":343832,"comment_status":"open","ping_status":"closed","template":"","meta":[],"product_cat":[139,188],"product_tag":[],"_links":{"self":[{"href":"https:\/\/www.livrariarema.com.br\/loja\/wp-json\/wp\/v2\/product\/56697"}],"collection":[{"href":"https:\/\/www.livrariarema.com.br\/loja\/wp-json\/wp\/v2\/product"}],"about":[{"href":"https:\/\/www.livrariarema.com.br\/loja\/wp-json\/wp\/v2\/types\/product"}],"replies":[{"embeddable":true,"href":"https:\/\/www.livrariarema.com.br\/loja\/wp-json\/wp\/v2\/comments?post=56697"}],"wp:featuredmedia":[{"embeddable":true,"href":"https:\/\/www.livrariarema.com.br\/loja\/wp-json\/wp\/v2\/media\/343832"}],"wp:attachment":[{"href":"https:\/\/www.livrariarema.com.br\/loja\/wp-json\/wp\/v2\/media?parent=56697"}],"wp:term":[{"taxonomy":"product_cat","embeddable":true,"href":"https:\/\/www.livrariarema.com.br\/loja\/wp-json\/wp\/v2\/product_cat?post=56697"},{"taxonomy":"product_tag","embeddable":true,"href":"https:\/\/www.livrariarema.com.br\/loja\/wp-json\/wp\/v2\/product_tag?post=56697"}],"curies":[{"name":"wp","href":"https:\/\/api.w.org\/{rel}","templated":true}]}}