{"id":56714,"date":"2021-01-22T10:34:53","date_gmt":"2021-01-22T13:34:53","guid":{"rendered":"https:\/\/www.livrariarema.com.br\/loja\/produtos\/sem%20categoria\/ntlh60-biblia-sagrada-dente-de-leao\/"},"modified":"2026-04-30T12:03:47","modified_gmt":"2026-04-30T15:03:47","slug":"ntlh60-biblia-sagrada-dente-de-leao","status":"publish","type":"product","link":"https:\/\/www.livrariarema.com.br\/loja\/produtos\/biblias\/ntlh\/ntlh60-biblia-sagrada-dente-de-leao\/","title":{"rendered":"Ntlh60 &#8211; B\u00edblia Sagrada &#8211; Dente De Le\u00e3o"},"content":{"rendered":"<p>Uma B\u00edblia ideal para a\u00e7\u00f5es de evangeliza\u00e7\u00e3o. Cont\u00e9m um conjunto de recursos que fazem desta publica\u00e7\u00e3o uma excelente op\u00e7\u00e3o para o dia-a-dia.<\/p>\n","protected":false},"excerpt":{"rendered":"<p>Uma B\u00edblia ideal para a\u00e7\u00f5es de evangeliza\u00e7\u00e3o. Cont\u00e9m um conjunto de recursos que fazem desta publica\u00e7\u00e3o uma excelente op\u00e7\u00e3o para&hellip;<\/p>\n","protected":false},"featured_media":343982,"comment_status":"open","ping_status":"closed","template":"","meta":[],"product_cat":[139,188],"product_tag":[],"_links":{"self":[{"href":"https:\/\/www.livrariarema.com.br\/loja\/wp-json\/wp\/v2\/product\/56714"}],"collection":[{"href":"https:\/\/www.livrariarema.com.br\/loja\/wp-json\/wp\/v2\/product"}],"about":[{"href":"https:\/\/www.livrariarema.com.br\/loja\/wp-json\/wp\/v2\/types\/product"}],"replies":[{"embeddable":true,"href":"https:\/\/www.livrariarema.com.br\/loja\/wp-json\/wp\/v2\/comments?post=56714"}],"wp:featuredmedia":[{"embeddable":true,"href":"https:\/\/www.livrariarema.com.br\/loja\/wp-json\/wp\/v2\/media\/343982"}],"wp:attachment":[{"href":"https:\/\/www.livrariarema.com.br\/loja\/wp-json\/wp\/v2\/media?parent=56714"}],"wp:term":[{"taxonomy":"product_cat","embeddable":true,"href":"https:\/\/www.livrariarema.com.br\/loja\/wp-json\/wp\/v2\/product_cat?post=56714"},{"taxonomy":"product_tag","embeddable":true,"href":"https:\/\/www.livrariarema.com.br\/loja\/wp-json\/wp\/v2\/product_tag?post=56714"}],"curies":[{"name":"wp","href":"https:\/\/api.w.org\/{rel}","templated":true}]}}