{"id":56750,"date":"2021-01-22T10:35:56","date_gmt":"2021-01-22T13:35:56","guid":{"rendered":"https:\/\/www.livrariarema.com.br\/loja\/produtos\/sem%20categoria\/sermao-do-monte-o-d-a-carson\/"},"modified":"2026-02-20T13:35:58","modified_gmt":"2026-02-20T16:35:58","slug":"sermao-do-monte-o-d-a-carson","status":"publish","type":"product","link":"https:\/\/www.livrariarema.com.br\/loja\/produtos\/livros\/comentario-biblico\/sermao-do-monte-o-d-a-carson\/","title":{"rendered":"Serm\u00e3o Do Monte, O &#8211; D. A. Carson"},"content":{"rendered":"<p>A IGREJA DE CRISTO PRECISA ESTUDAR O SERM\u00c3O DO MONTE MUITAS VEZES.<\/p>\n<p>Para al\u00e9m da maioria das exposi\u00e7\u00f5es populares, O Serm\u00e3o do Monte, de D. A. Carson, \u00e9 resultado de ampla e profunda pesquisa. Carson mescla boa escrita, exposi\u00e7\u00e3o s\u00f3lida e respeito do come\u00e7o ao fim para com a autoridade das palavras de Jesus. As exig\u00eancias incontorn\u00e1veis para que o crente leve uma vida crist\u00e3 pura e dedicada s\u00e3o apresentadas de forma clara e incisiva.<\/p>\n<p>Apesar de seu elevado valor acad\u00eamico, o texto, em nenhum ponto, sofre de um didatismo frio e distante. Como declara o autor, &#8220;Quanto mais leio esses tr\u00eas cap\u00edtulos &#8211; Mateus 5, 6 e 7 -, mais me sinto atra\u00eddo e ao mesmo tempo envergonhado por eles. Sua luz brilhante me atrai como a l\u00e2mpada atrai para si a mariposa; mas a luz \u00e9 t\u00e3o brilhante, que seca e queima. N\u00e3o h\u00e1 lugar para formas de piedade que sejam apenas verniz e fingimento&#8221;.<\/p>\n","protected":false},"excerpt":{"rendered":"<p>A IGREJA DE CRISTO PRECISA ESTUDAR O SERM\u00c3O DO MONTE MUITAS VEZES. Para al\u00e9m da maioria das exposi\u00e7\u00f5es populares, O&hellip;<\/p>\n","protected":false},"featured_media":345088,"comment_status":"open","ping_status":"closed","template":"","meta":[],"product_cat":[164,134],"product_tag":[],"_links":{"self":[{"href":"https:\/\/www.livrariarema.com.br\/loja\/wp-json\/wp\/v2\/product\/56750"}],"collection":[{"href":"https:\/\/www.livrariarema.com.br\/loja\/wp-json\/wp\/v2\/product"}],"about":[{"href":"https:\/\/www.livrariarema.com.br\/loja\/wp-json\/wp\/v2\/types\/product"}],"replies":[{"embeddable":true,"href":"https:\/\/www.livrariarema.com.br\/loja\/wp-json\/wp\/v2\/comments?post=56750"}],"wp:featuredmedia":[{"embeddable":true,"href":"https:\/\/www.livrariarema.com.br\/loja\/wp-json\/wp\/v2\/media\/345088"}],"wp:attachment":[{"href":"https:\/\/www.livrariarema.com.br\/loja\/wp-json\/wp\/v2\/media?parent=56750"}],"wp:term":[{"taxonomy":"product_cat","embeddable":true,"href":"https:\/\/www.livrariarema.com.br\/loja\/wp-json\/wp\/v2\/product_cat?post=56750"},{"taxonomy":"product_tag","embeddable":true,"href":"https:\/\/www.livrariarema.com.br\/loja\/wp-json\/wp\/v2\/product_tag?post=56750"}],"curies":[{"name":"wp","href":"https:\/\/api.w.org\/{rel}","templated":true}]}}