{"id":56774,"date":"2021-01-22T10:36:33","date_gmt":"2021-01-22T13:36:33","guid":{"rendered":"https:\/\/www.livrariarema.com.br\/loja\/produtos\/sem%20categoria\/1000-adesivos-de-incentivo-para-educadores-cristaos\/"},"modified":"2026-04-01T10:52:16","modified_gmt":"2026-04-01T13:52:16","slug":"1000-adesivos-de-incentivo-para-educadores-cristaos","status":"publish","type":"product","link":"https:\/\/www.livrariarema.com.br\/loja\/produtos\/livros\/educacao-crista\/1000-adesivos-de-incentivo-para-educadores-cristaos\/","title":{"rendered":"1000 Adesivos De Incentivo Para Educadores Crist\u00e3os"},"content":{"rendered":"<p>Ser um educador crist\u00e3o \u00e9 um grande desafio! E \u00e9 papel fundamental do educador, refor\u00e7ar, elogiar e valorizar os bons comportamentos de seus alunos para que se repitam. Para ajudar voc\u00ea, \u00e9 apresentada, neste livro, uma s\u00e9rie de dicas para preparar aulas inesquec\u00edveis e mil lindos adesivos com frases de incentivo para presentear e incentivar seus alunos a continuarem crescendo no bom caminho.<\/p>\n","protected":false},"excerpt":{"rendered":"<p>Ser um educador crist\u00e3o \u00e9 um grande desafio! E \u00e9 papel fundamental do educador, refor\u00e7ar, elogiar e valorizar os bons&hellip;<\/p>\n","protected":false},"featured_media":331048,"comment_status":"open","ping_status":"closed","template":"","meta":[],"product_cat":[169,134],"product_tag":[],"_links":{"self":[{"href":"https:\/\/www.livrariarema.com.br\/loja\/wp-json\/wp\/v2\/product\/56774"}],"collection":[{"href":"https:\/\/www.livrariarema.com.br\/loja\/wp-json\/wp\/v2\/product"}],"about":[{"href":"https:\/\/www.livrariarema.com.br\/loja\/wp-json\/wp\/v2\/types\/product"}],"replies":[{"embeddable":true,"href":"https:\/\/www.livrariarema.com.br\/loja\/wp-json\/wp\/v2\/comments?post=56774"}],"wp:featuredmedia":[{"embeddable":true,"href":"https:\/\/www.livrariarema.com.br\/loja\/wp-json\/wp\/v2\/media\/331048"}],"wp:attachment":[{"href":"https:\/\/www.livrariarema.com.br\/loja\/wp-json\/wp\/v2\/media?parent=56774"}],"wp:term":[{"taxonomy":"product_cat","embeddable":true,"href":"https:\/\/www.livrariarema.com.br\/loja\/wp-json\/wp\/v2\/product_cat?post=56774"},{"taxonomy":"product_tag","embeddable":true,"href":"https:\/\/www.livrariarema.com.br\/loja\/wp-json\/wp\/v2\/product_tag?post=56774"}],"curies":[{"name":"wp","href":"https:\/\/api.w.org\/{rel}","templated":true}]}}