{"id":56779,"date":"2021-01-22T10:36:38","date_gmt":"2021-01-22T13:36:38","guid":{"rendered":"https:\/\/www.livrariarema.com.br\/loja\/produtos\/sem%20categoria\/pequeninos-animaizinhos-da-biblia\/"},"modified":"2025-07-08T07:39:11","modified_gmt":"2025-07-08T10:39:11","slug":"pequeninos-animaizinhos-da-biblia","status":"publish","type":"product","link":"https:\/\/www.livrariarema.com.br\/loja\/produtos\/livros\/infantil\/pequeninos-animaizinhos-da-biblia\/","title":{"rendered":"Pequeninos &#8211; Animaizinhos Da B\u00edblia"},"content":{"rendered":"<p>Voc\u00ea sabia que a B\u00edblia \u00e9 repleta de passagens em que os animais t\u00eam um papel fundamental?<br \/>\nDesperte a curiosidade e a imagina\u00e7\u00e3o das crian\u00e7as atrav\u00e9s dessas incr\u00edveis hist\u00f3rias.<\/p>\n","protected":false},"excerpt":{"rendered":"<p>Voc\u00ea sabia que a B\u00edblia \u00e9 repleta de passagens em que os animais t\u00eam um papel fundamental? Desperte a curiosidade&hellip;<\/p>\n","protected":false},"featured_media":301362,"comment_status":"open","ping_status":"closed","template":"","meta":[],"product_cat":[144,134],"product_tag":[],"_links":{"self":[{"href":"https:\/\/www.livrariarema.com.br\/loja\/wp-json\/wp\/v2\/product\/56779"}],"collection":[{"href":"https:\/\/www.livrariarema.com.br\/loja\/wp-json\/wp\/v2\/product"}],"about":[{"href":"https:\/\/www.livrariarema.com.br\/loja\/wp-json\/wp\/v2\/types\/product"}],"replies":[{"embeddable":true,"href":"https:\/\/www.livrariarema.com.br\/loja\/wp-json\/wp\/v2\/comments?post=56779"}],"wp:featuredmedia":[{"embeddable":true,"href":"https:\/\/www.livrariarema.com.br\/loja\/wp-json\/wp\/v2\/media\/301362"}],"wp:attachment":[{"href":"https:\/\/www.livrariarema.com.br\/loja\/wp-json\/wp\/v2\/media?parent=56779"}],"wp:term":[{"taxonomy":"product_cat","embeddable":true,"href":"https:\/\/www.livrariarema.com.br\/loja\/wp-json\/wp\/v2\/product_cat?post=56779"},{"taxonomy":"product_tag","embeddable":true,"href":"https:\/\/www.livrariarema.com.br\/loja\/wp-json\/wp\/v2\/product_tag?post=56779"}],"curies":[{"name":"wp","href":"https:\/\/api.w.org\/{rel}","templated":true}]}}