{"id":56846,"date":"2021-01-22T10:38:32","date_gmt":"2021-01-22T13:38:32","guid":{"rendered":"https:\/\/www.livrariarema.com.br\/loja\/produtos\/sem%20categoria\/silmarillion-o-j-r-r-tolkien\/"},"modified":"2026-01-28T15:02:41","modified_gmt":"2026-01-28T18:02:41","slug":"silmarillion-o-j-r-r-tolkien","status":"publish","type":"product","link":"https:\/\/www.livrariarema.com.br\/loja\/produtos\/livros\/ficcao\/silmarillion-o-j-r-r-tolkien\/","title":{"rendered":"Silmarillion, O &#8211; J. R. R. Tolkien"},"content":{"rendered":"<p>Em o Silmarillion, J.R.R. Tolkien tr\u00e1s uma hist\u00f3ria onde os personagens participantes de &#8220;O senhor dos Aneis&#8221; e &#8220;O Hobbit&#8221; vislumbram o passado, onde Elrodon e Galadriel assumem posi\u00e7\u00e3o de protagonismo.<\/p>\n<p>Se passando em uma \u00e9poca em que Morgoth, o primeiro dos Senhores Sombrios habitava as terras-m\u00e9dias e os altos elfos guerreavam contra ele.<\/p>\n<p>O livro segue a partir da cria\u00e7\u00e3o do Universo &#8220;O Ainulindal\u00eb&#8221;, seguindo a descri\u00e7\u00e3o das naturezas e os poderes de cada um dos deuses escritas no &#8220;Valaquenta&#8221;, e por ultimo o apogeu e decl\u00ednio da grande ilha de N\u00famenor no final da Segunda Era narrado no &#8220;Akall\u00e2beth&#8221;.<\/p>\n","protected":false},"excerpt":{"rendered":"<p>Em o Silmarillion, J.R.R. Tolkien tr\u00e1s uma hist\u00f3ria onde os personagens participantes de &#8220;O senhor dos Aneis&#8221; e &#8220;O Hobbit&#8221;&hellip;<\/p>\n","protected":false},"featured_media":343410,"comment_status":"open","ping_status":"closed","template":"","meta":[],"product_cat":[162,134],"product_tag":[],"_links":{"self":[{"href":"https:\/\/www.livrariarema.com.br\/loja\/wp-json\/wp\/v2\/product\/56846"}],"collection":[{"href":"https:\/\/www.livrariarema.com.br\/loja\/wp-json\/wp\/v2\/product"}],"about":[{"href":"https:\/\/www.livrariarema.com.br\/loja\/wp-json\/wp\/v2\/types\/product"}],"replies":[{"embeddable":true,"href":"https:\/\/www.livrariarema.com.br\/loja\/wp-json\/wp\/v2\/comments?post=56846"}],"wp:featuredmedia":[{"embeddable":true,"href":"https:\/\/www.livrariarema.com.br\/loja\/wp-json\/wp\/v2\/media\/343410"}],"wp:attachment":[{"href":"https:\/\/www.livrariarema.com.br\/loja\/wp-json\/wp\/v2\/media?parent=56846"}],"wp:term":[{"taxonomy":"product_cat","embeddable":true,"href":"https:\/\/www.livrariarema.com.br\/loja\/wp-json\/wp\/v2\/product_cat?post=56846"},{"taxonomy":"product_tag","embeddable":true,"href":"https:\/\/www.livrariarema.com.br\/loja\/wp-json\/wp\/v2\/product_tag?post=56846"}],"curies":[{"name":"wp","href":"https:\/\/api.w.org\/{rel}","templated":true}]}}